{"id":22990019,"date":"2025-06-30T17:10:15","date_gmt":"2025-06-30T23:10:15","guid":{"rendered":"https:\/\/unowebdesign.com\/seo-locale\/"},"modified":"2025-07-08T16:51:19","modified_gmt":"2025-07-08T22:51:19","slug":"seo-locale","status":"publish","type":"page","link":"https:\/\/unowebdesign.com\/it\/seo-locale\/","title":{"rendered":"SEO Locale"},"content":{"rendered":"<div class=\"et_pb_section_0 et_pb_section et_section_regular et_flex_section\">\n<div class=\"et_pb_row_0 et_pb_row et_flex_row\">\n<div class=\"et_pb_column_0 et_pb_column et_flex_column et_pb_css_mix_blend_mode_passthrough et_flex_column_24_24 et_flex_column_24_24_tablet et_flex_column_24_24_phone\">\n<div class=\"et_pb_heading_0 et_pb_heading et_animated et_pb_module et_flex_module preset--module--divi-heading--3an6n7247h\"><div class=\"et_pb_heading_container\"><h1 class=\"et_pb_module_header\">Diventa la Scelta #1 nella Tua Zona<\/h1><\/div><\/div>\n\n<div class=\"et_pb_heading_1 et_pb_heading et_pb_module et_flex_module preset--module--divi-heading--6bd9ix08vp\"><div class=\"et_pb_heading_container\"><h2 class=\"et_pb_module_header\">SEO Locale (Google Maps)<\/h2><\/div><\/div>\n<\/div>\n\n<div class=\"et_pb_column_1 et_pb_column et-last-child et_flex_column et_pb_css_mix_blend_mode_passthrough et_flex_column_24_24 et_flex_column_24_24_tablet et_flex_column_24_24_phone\">\n<div class=\"et_pb_image_0 et_pb_image et_pb_module et_flex_module\"><span class=\"et_pb_image_wrap\"><img loading=\"lazy\" decoding=\"async\" src=\"https:\/\/unowebdesign.com\/wp-content\/uploads\/2024\/08\/google-maps-mobile.webp\" title=\"google-maps-mobile\" width=\"2280\" height=\"1516\" srcset=\"https:\/\/unowebdesign.com\/wp-content\/uploads\/2024\/08\/google-maps-mobile.webp 2280w, https:\/\/unowebdesign.com\/wp-content\/uploads\/2024\/08\/google-maps-mobile-1280x851.webp 1280w, https:\/\/unowebdesign.com\/wp-content\/uploads\/2024\/08\/google-maps-mobile-980x652.webp 980w, https:\/\/unowebdesign.com\/wp-content\/uploads\/2024\/08\/google-maps-mobile-480x319.webp 480w\" sizes=\"(min-width: 0px) and (max-width: 480px) 480px, (min-width: 481px) and (max-width: 980px) 980px, (min-width: 981px) and (max-width: 1280px) 1280px, (min-width: 1281px) 2280px, 100vw\" class=\"wp-image-256\" \/><\/span><\/div>\n<\/div>\n<\/div>\n<\/div>\n\n<div class=\"et_pb_section_1 et_pb_section et_section_regular et_flex_section\">\n<div class=\"et_pb_row_1 et_pb_row et_flex_row et_animated\">\n<div class=\"et_pb_column_2 et_pb_column et-last-child et_flex_column et_pb_css_mix_blend_mode_passthrough et_flex_column_24_24 et_flex_column_24_24_tablet et_flex_column_24_24_phone\">\n<div class=\"et_pb_group_0 et_pb_group et-last-child et_pb_module et_flex_group et_pb_css_mix_blend_mode_passthrough\">\n<div class=\"et_pb_row_2 et_pb_row et_pb_row_nested et_flex_row\">\n<div class=\"et_pb_column_3 et_pb_column et_flex_column et_pb_css_mix_blend_mode_passthrough et_flex_column_24_24 et_flex_column_24_24_tablet et_flex_column_24_24_phone\">\n<div class=\"et_pb_blurb_0 et_pb_blurb et_pb_bg_layout_light et_pb_blurb_position_top et_pb_module et_flex_module preset--module--divi-blurb--okxyksvwwn\"><div class=\"et_pb_blurb_content et_flex_module\"><div class=\"et_pb_main_blurb_image\"><span class=\"et_pb_image_wrap et_pb_only_image_mode_wrap\"><img loading=\"lazy\" decoding=\"async\" src=\"https:\/\/unowebdesign.com\/wp-content\/uploads\/2025\/06\/icons8-increase-100.png\" width=\"100\" height=\"100\" sizes=\"(max-width: 100px) 100vw, 100px\" class=\"et-waypoint et_pb_animation_top et_pb_animation_top_tablet et_pb_animation_top_phone wp-image-22989441\" \/><\/span><\/div><div class=\"et_pb_blurb_container\"><h3 class=\"et_pb_module_header\">L\u201988% delle ricerche locali porta a un\u2019azione entro 24 ore.<\/h3><\/div><\/div><\/div>\n<\/div>\n\n<div class=\"et_pb_column_4 et_pb_column et_flex_column et_pb_css_mix_blend_mode_passthrough et_flex_column_24_24 et_flex_column_24_24_tablet et_flex_column_24_24_phone\">\n<div class=\"et_pb_blurb_1 et_pb_blurb et_pb_bg_layout_light et_pb_blurb_position_top et_pb_module et_flex_module preset--module--divi-blurb--okxyksvwwn\"><div class=\"et_pb_blurb_content et_flex_module\"><div class=\"et_pb_main_blurb_image\"><span class=\"et_pb_image_wrap et_pb_only_image_mode_wrap\"><img loading=\"lazy\" decoding=\"async\" src=\"https:\/\/unowebdesign.com\/wp-content\/uploads\/2025\/06\/icons8-website-100.png\" width=\"100\" height=\"100\" sizes=\"(max-width: 100px) 100vw, 100px\" class=\"et-waypoint et_pb_animation_top et_pb_animation_top_tablet et_pb_animation_top_phone wp-image-22989426\" \/><\/span><\/div><div class=\"et_pb_blurb_container\"><h3 class=\"et_pb_module_header\">1 ricerca su 2 su Google \u00e8 locale.<\/h3><\/div><\/div><\/div>\n<\/div>\n\n<div class=\"et_pb_column_5 et_pb_column et-last-child et_flex_column et_pb_css_mix_blend_mode_passthrough et_flex_column_24_24 et_flex_column_24_24_tablet et_flex_column_24_24_phone\">\n<div class=\"et_pb_blurb_2 et_pb_blurb et_pb_bg_layout_light et_pb_blurb_position_top et_pb_module et_flex_module preset--module--divi-blurb--okxyksvwwn\"><div class=\"et_pb_blurb_content et_flex_module\"><div class=\"et_pb_main_blurb_image\"><span class=\"et_pb_image_wrap et_pb_only_image_mode_wrap\"><img loading=\"lazy\" decoding=\"async\" src=\"https:\/\/unowebdesign.com\/wp-content\/uploads\/2025\/06\/icons8-world-100.png\" width=\"100\" height=\"100\" sizes=\"(max-width: 100px) 100vw, 100px\" class=\"et-waypoint et_pb_animation_top et_pb_animation_top_tablet et_pb_animation_top_phone wp-image-22989429\" \/><\/span><\/div><div class=\"et_pb_blurb_container\"><h3 class=\"et_pb_module_header\">Non sei su Maps? Non esisti per il cliente. <\/h3><\/div><\/div><\/div>\n<\/div>\n<\/div>\n\n<div class=\"et_pb_row_3 et_pb_row et_pb_row_nested et_flex_row\">\n<div class=\"et_pb_column_6 et_pb_column et-last-child et_flex_column et_pb_css_mix_blend_mode_passthrough et_flex_column_24_24 et_flex_column_24_24_tablet et_flex_column_24_24_phone\">\n<div class=\"et_pb_module et_pb_button_module_wrapper et_pb_button_0_wrapper preset--module--divi-button--cftu9pwgbt_wrapper\"><a class=\"et_pb_button_0 et_pb_button et_pb_bg_layout_light et_pb_module et_flex_module preset--module--divi-button--cftu9pwgbt\" href=\"#contact-section\">Fatti trovare SUBITO!<\/a><\/div>\n<\/div>\n<\/div>\n<\/div>\n<\/div>\n<\/div>\n<\/div>\n\n<div class=\"et_pb_section_2 et_pb_section et_section_regular et_flex_section\">\n<div class=\"et_pb_row_4 et_pb_row et_flex_row\">\n<div class=\"et_pb_column_7 et_pb_column et_flex_column et_pb_css_mix_blend_mode_passthrough et_flex_column_24_24 et_flex_column_24_24_tablet et_flex_column_24_24_phone\">\n<div class=\"et_pb_heading_2 et_pb_heading et_pb_module et_flex_module preset--module--divi-heading--default\"><div class=\"et_pb_heading_container\"><h3 class=\"et_pb_module_header\">Cos\u2019\u00e8 la SEO Locale?<\/h3><\/div><\/div>\n\n<div class=\"et_pb_heading_3 et_pb_heading et_pb_module et_flex_module preset--module--divi-heading--6bd9ix08vp\"><div class=\"et_pb_heading_container\"><h4 class=\"et_pb_module_header\">Massima Visibilit\u00e0<\/h4><\/div><\/div>\n\n<div class=\"et_pb_text_0 et_pb_text et_pb_bg_layout_light et_pb_module et_flex_module\"><div class=\"et_pb_text_inner\"><p><strong data-start=\"679\" data-end=\"703\">La SEO locale ti fa trovare da chi \u00e8 vicino a te<\/strong> \u2014 proprio nel momento in cui cerca ci\u00f2 che offri.<br data-start=\"754\" data-end=\"757\">\u00c8 visibilit\u00e0 mirata. \u00c8 dominare Google Maps. Pi\u00f9 chiamate, pi\u00f9 clienti, pi\u00f9 fatturato.  <\/p>\n<\/div><\/div>\n<\/div>\n\n<div class=\"et_pb_column_8 et_pb_column et-last-child et_flex_column et_pb_css_mix_blend_mode_passthrough et_flex_column_24_24 et_flex_column_24_24_tablet et_flex_column_24_24_phone\">\n<div class=\"et_pb_heading_4 et_pb_heading et_pb_module et_flex_module preset--module--divi-heading--default\"><div class=\"et_pb_heading_container\"><h3 class=\"et_pb_module_header\">Perch\u00e9 \u00e8 Importante?<\/h3><\/div><\/div>\n\n<div class=\"et_pb_heading_5 et_pb_heading et_pb_module et_flex_module preset--module--divi-heading--6bd9ix08vp\"><div class=\"et_pb_heading_container\"><h4 class=\"et_pb_module_header\">Massima Visibilit\u00e0<\/h4><\/div><\/div>\n\n<div class=\"et_pb_text_1 et_pb_text et_pb_bg_layout_light et_pb_module et_flex_module\"><div class=\"et_pb_text_inner\"><p data-start=\"891\" data-end=\"1064\">I tuoi concorrenti sono gi\u00e0 online. Alcuni stanno in alto nei risultati. Altri si prendono tutti i contatti.<br data-start=\"977\" data-end=\"980\">Noi ti aiutiamo a <strong data-start=\"993\" data-end=\"1013\">superarli<\/strong>, a <strong data-start=\"1015\" data-end=\"1030\">distinguerti <\/strong>\u2014 e a <strong data-start=\"1036\" data-end=\"1050\">farti scegliere ogni volta<\/strong>. <\/p>\n<\/div><\/div>\n<\/div>\n<\/div>\n<\/div>\n\n<div class=\"et_pb_section_3 et_pb_section et_section_regular et_flex_section\" id=\"contact-section\">\r\n<div class=\"et_pb_row_5 et_pb_row et_flex_row\">\r\n<div class=\"et_pb_column_9 et_pb_column et_flex_column et_pb_column_empty et_pb_css_mix_blend_mode_passthrough et_flex_column_24_24 et_flex_column_24_24_tablet et_flex_column_24_24_phone\"><\/div>\r\n\r\n<div class=\"et_pb_column_10 et_pb_column et-last-child et_flex_column et_pb_css_mix_blend_mode_passthrough et_flex_column_24_24 et_flex_column_24_24_tablet et_flex_column_24_24_phone\">\r\n<div class=\"et_pb_contact_form_0 et_pb_contact_form_container clearfix et_animated et_pb_module et_flex_module preset--module--divi-contact-form--default\" data-form_unique_num=\"0\" data-form_unique_id=\"7067d836e5cc6b8d0df5f1ee01accc26\" id=\"et_pb_contact_form_7067d836e5cc6b8d0df5f1ee01accc26\"><h3 class=\"et_pb_contact_main_title\">Book a FREE Consultation Session<\/h3><div class=\"et-pb-contact-message\"><\/div><div class=\"et_pb_contact\"><form class=\"et_pb_contact_form et_flex_module\" method=\"post\" action=\"https:\/\/unowebdesign.com\/it\/wp-json\/wp\/v2\/pages\/22990019\">\r\n<div class=\"et_pb_contact_field_0 et_pb_contact_field et_pb_module et_flex_module et_flex_column_24_24 et_flex_column_24_24_tablet et_flex_column_24_24_phone\" data-id=\"name\" data-type=\"input\"><label class=\"et_pb_contact_form_label\">Name<\/label><input type=\"text\" name=\"et_pb_contact_0_name_0\" id=\"et_pb_contact_0_name_0\" class=\"input\" data-required_mark=\"required\" data-field_type=\"input\" data-original_id=\"name\" placeholder=\"Name\" title=\"\" value=\"\" \/><\/div>\r\n\r\n<div class=\"et_pb_contact_field_1 et_pb_contact_field et_pb_module et_flex_module et_flex_column_24_24 et_flex_column_24_24_tablet et_flex_column_24_24_phone\" data-id=\"email\" data-type=\"email\"><label class=\"et_pb_contact_form_label\">Email Address<\/label><input type=\"text\" name=\"et_pb_contact_0_email_1\" id=\"et_pb_contact_0_email_1\" class=\"input\" data-required_mark=\"required\" data-field_type=\"email\" data-original_id=\"email\" placeholder=\"Email Address\" title=\"\" value=\"\" \/><\/div>\r\n\r\n<div class=\"et_pb_contact_field_2 et_pb_contact_field et_pb_module et_flex_module et_flex_column_24_24 et_flex_column_24_24_tablet et_flex_column_24_24_phone\" data-id=\"message\" data-type=\"text\"><label class=\"et_pb_contact_form_label\">Message<\/label><textarea name=\"et_pb_contact_0_message_2\" id=\"et_pb_contact_0_message_2\" class=\"et_pb_contact_message input\" data-required_mark=\"required\" data-field_type=\"text\" data-original_id=\"message\" placeholder=\"Message\"><\/textarea><\/div>\r\n<input type=\"hidden\" name=\"et_pb_contactform_submit_7067d836e5cc6b8d0df5f1ee01accc26\" value=\"et_contact_proccess\" \/><div class=\"et_contact_bottom_container\"><div class=\"et_pb_button_wrapper\"><button type=\"submit\" name=\"et_builder_submit_button\" class=\"et_pb_button et_pb_contact_submit\">Start your strategy now!<\/button><\/div><\/div><input type=\"hidden\" id=\"_wpnonce-et-pb-contact-form-submitted-7067d836e5cc6b8d0df5f1ee01accc26\" name=\"_wpnonce-et-pb-contact-form-submitted-7067d836e5cc6b8d0df5f1ee01accc26\" value=\"59b1aada34\" \/><input type=\"hidden\" name=\"_wp_http_referer\" value=\"\/it\/wp-json\/wp\/v2\/pages\/22990019\" \/><\/form><\/div><\/div>\r\n<\/div>\r\n<\/div>\r\n<\/div>\n\n<div class=\"et_pb_section_4 et_pb_section et_section_regular et_flex_section\">\n<div class=\"et_pb_row_6 et_pb_row et_flex_row\">\n<div class=\"et_pb_column_11 et_pb_column et-last-child et_flex_column et_pb_css_mix_blend_mode_passthrough et_flex_column_24_24 et_flex_column_24_24_tablet et_flex_column_24_24_phone\">\n<div class=\"et_pb_blurb_3 et_pb_blurb et_pb_bg_layout_light et_pb_blurb_position_left et_animated et_pb_module et_flex_module preset--module--divi-blurb--r5087l27hm\"><div class=\"et_pb_blurb_content et_flex_module\"><div class=\"et_pb_main_blurb_image\"><span class=\"et_pb_image_wrap et_pb_only_image_mode_wrap\"><img loading=\"lazy\" decoding=\"async\" src=\"https:\/\/unowebdesign.com\/wp-content\/uploads\/2025\/06\/icons8-increase-100.png\" width=\"100\" height=\"100\" sizes=\"(max-width: 100px) 100vw, 100px\" class=\"et-waypoint et_pb_animation_top et_pb_animation_top_tablet et_pb_animation_top_phone wp-image-22989441\" \/><\/span><\/div><div class=\"et_pb_blurb_container\"><h3 class=\"et_pb_module_header\">Ottimizzazione Google Maps<\/h3><div class=\"et_pb_blurb_description\"><p>Gestiamo a fondo il tuo profilo Google Business: foto, descrizioni, categorie, recensioni e aggiornamenti. <strong data-start=\"1259\" data-end=\"1293\">Tutto ottimizzato per portarti in cima alla mappa<\/strong>.<\/p>\n<\/div><\/div><\/div><\/div>\n\n<div class=\"et_pb_blurb_4 et_pb_blurb et_pb_bg_layout_light et_pb_blurb_position_left et_animated et_pb_module et_flex_module preset--module--divi-blurb--r5087l27hm\"><div class=\"et_pb_blurb_content et_flex_module\"><div class=\"et_pb_main_blurb_image\"><span class=\"et_pb_image_wrap et_pb_only_image_mode_wrap\"><img loading=\"lazy\" decoding=\"async\" src=\"https:\/\/unowebdesign.com\/wp-content\/uploads\/2025\/06\/icons8-increase-100.png\" width=\"100\" height=\"100\" sizes=\"(max-width: 100px) 100vw, 100px\" class=\"et-waypoint et_pb_animation_top et_pb_animation_top_tablet et_pb_animation_top_phone wp-image-22989441\" \/><\/span><\/div><div class=\"et_pb_blurb_container\"><h3 class=\"et_pb_module_header\">Coerenza sul Web<\/h3><div class=\"et_pb_blurb_description\"><p>Correggiamo e sincronizziamo le tue informazioni in <strong data-start=\"1377\" data-end=\"1402\">tutte le directory principali<\/strong>: Yelp, Apple Maps, Bing, Facebook, e altre.<br \/>Google si fida di pi\u00f9 di te \u2014 e ti premia con posizioni migliori.<\/p>\n<\/div><\/div><\/div><\/div>\n\n<div class=\"et_pb_blurb_5 et_pb_blurb et_pb_bg_layout_light et_pb_blurb_position_left et_animated et_pb_module et_flex_module preset--module--divi-blurb--r5087l27hm\"><div class=\"et_pb_blurb_content et_flex_module\"><div class=\"et_pb_main_blurb_image\"><span class=\"et_pb_image_wrap et_pb_only_image_mode_wrap\"><img loading=\"lazy\" decoding=\"async\" src=\"https:\/\/unowebdesign.com\/wp-content\/uploads\/2025\/06\/icons8-increase-100.png\" width=\"100\" height=\"100\" sizes=\"(max-width: 100px) 100vw, 100px\" class=\"et-waypoint et_pb_animation_top et_pb_animation_top_tablet et_pb_animation_top_phone wp-image-22989441\" \/><\/span><\/div><div class=\"et_pb_blurb_container\"><h3 class=\"et_pb_module_header\">Strategia per le Recensioni<\/h3><div class=\"et_pb_blurb_description\"><p>Ti aiutiamo a <strong data-start=\"1531\" data-end=\"1558\">ottenere pi\u00f9 recensioni a 5 stelle<\/strong>, rispondere in modo professionale e trasformare i clienti soddisfatti nei tuoi migliori venditori.<\/p>\n<\/div><\/div><\/div><\/div>\n\n<div class=\"et_pb_blurb_6 et_pb_blurb et_pb_bg_layout_light et_pb_blurb_position_left et_animated et_pb_module et_flex_module preset--module--divi-blurb--r5087l27hm\"><div class=\"et_pb_blurb_content et_flex_module\"><div class=\"et_pb_main_blurb_image\"><span class=\"et_pb_image_wrap et_pb_only_image_mode_wrap\"><img loading=\"lazy\" decoding=\"async\" src=\"https:\/\/unowebdesign.com\/wp-content\/uploads\/2025\/06\/icons8-increase-100.png\" width=\"100\" height=\"100\" sizes=\"(max-width: 100px) 100vw, 100px\" class=\"et-waypoint et_pb_animation_top et_pb_animation_top_tablet et_pb_animation_top_phone wp-image-22989441\" \/><\/span><\/div><div class=\"et_pb_blurb_container\"><h3 class=\"et_pb_module_header\">Contenuti Locali<\/h3><div class=\"et_pb_blurb_description\"><p>Creiamo contenuti SEO che parlano direttamente al tuo pubblico locale: nel loro linguaggio, <strong data-start=\"1748\" data-end=\"1771\">sui loro interessi<\/strong> e <strong data-start=\"1776\" data-end=\"1801\">su ci\u00f2 che cercano davvero<\/strong>.<\/p>\n<\/div><\/div><\/div><\/div>\n\n<div class=\"et_pb_blurb_7 et_pb_blurb et_pb_bg_layout_light et_pb_blurb_position_left et_animated et_pb_module et_flex_module preset--module--divi-blurb--r5087l27hm\"><div class=\"et_pb_blurb_content et_flex_module\"><div class=\"et_pb_main_blurb_image\"><span class=\"et_pb_image_wrap et_pb_only_image_mode_wrap\"><img loading=\"lazy\" decoding=\"async\" src=\"https:\/\/unowebdesign.com\/wp-content\/uploads\/2025\/06\/icons8-increase-100.png\" width=\"100\" height=\"100\" sizes=\"(max-width: 100px) 100vw, 100px\" class=\"et-waypoint et_pb_animation_top et_pb_animation_top_tablet et_pb_animation_top_phone wp-image-22989441\" \/><\/span><\/div><div class=\"et_pb_blurb_container\"><h3 class=\"et_pb_module_header\">Ottimizzazione Mobile e Velocit\u00e0<\/h3><div class=\"et_pb_blurb_description\"><p>La maggior parte delle ricerche locali avviene da cellulare.<br \/>Rendiamo il tuo sito veloce e fluido \u2014 cos\u00ec non perdi clienti per colpa di una pagina lenta o disordinata. <\/p>\n<\/div><\/div><\/div><\/div>\n<\/div>\n<\/div>\n<\/div>\n\n<div class=\"et_pb_section_5 et_pb_section et_section_regular et_flex_section\">\n<div class=\"et_pb_row_7 et_pb_row et_flex_row glass-bg\">\n<div class=\"et_pb_column_12 et_pb_column et-last-child et_flex_column et_pb_css_mix_blend_mode_passthrough et_flex_column_24_24 et_flex_column_24_24_tablet et_flex_column_24_24_phone\">\n<div class=\"et_pb_heading_6 et_pb_heading et_pb_module et_flex_module preset--module--divi-heading--3an6n7247h\"><div class=\"et_pb_heading_container\"><h3 class=\"et_pb_module_header\">Pronto a farti trovare?<\/h3><\/div><\/div>\n\n<div class=\"et_pb_heading_7 et_pb_heading et_pb_module et_flex_module preset--module--divi-heading--default\"><div class=\"et_pb_heading_container\"><h4 class=\"et_pb_module_header\">Facciamo in modo che il tuo business sia il primo che la gente vede \u2014 e quello in cui si fida di pi\u00f9.<\/h4><\/div><\/div>\n\n<div class=\"et_pb_module et_pb_button_module_wrapper et_pb_button_1_wrapper preset--module--divi-button--82l3npo0hs_wrapper\"><a class=\"et_pb_button_1 et_pb_button et_pb_bg_layout_light et_pb_module et_flex_module preset--module--divi-button--82l3npo0hs\" href=\"#contact-section\">Contattaci ora!<\/a><\/div>\n<\/div>\n<\/div>\n<\/div>","protected":false},"excerpt":{"rendered":"","protected":false},"author":1,"featured_media":0,"parent":22990025,"menu_order":0,"comment_status":"closed","ping_status":"closed","template":"","meta":{"_acf_changed":false,"footnotes":""},"folder":[31],"class_list":["post-22990019","page","type-page","status-publish","hentry"],"acf":[],"_links":{"self":[{"href":"https:\/\/unowebdesign.com\/it\/wp-json\/wp\/v2\/pages\/22990019","targetHints":{"allow":["GET"]}}],"collection":[{"href":"https:\/\/unowebdesign.com\/it\/wp-json\/wp\/v2\/pages"}],"about":[{"href":"https:\/\/unowebdesign.com\/it\/wp-json\/wp\/v2\/types\/page"}],"author":[{"embeddable":true,"href":"https:\/\/unowebdesign.com\/it\/wp-json\/wp\/v2\/users\/1"}],"replies":[{"embeddable":true,"href":"https:\/\/unowebdesign.com\/it\/wp-json\/wp\/v2\/comments?post=22990019"}],"version-history":[{"count":1,"href":"https:\/\/unowebdesign.com\/it\/wp-json\/wp\/v2\/pages\/22990019\/revisions"}],"predecessor-version":[{"id":22990020,"href":"https:\/\/unowebdesign.com\/it\/wp-json\/wp\/v2\/pages\/22990019\/revisions\/22990020"}],"up":[{"embeddable":true,"href":"https:\/\/unowebdesign.com\/it\/wp-json\/wp\/v2\/pages\/22990025"}],"wp:attachment":[{"href":"https:\/\/unowebdesign.com\/it\/wp-json\/wp\/v2\/media?parent=22990019"}],"wp:term":[{"taxonomy":"folder","embeddable":true,"href":"https:\/\/unowebdesign.com\/it\/wp-json\/wp\/v2\/folder?post=22990019"}],"curies":[{"name":"wp","href":"https:\/\/api.w.org\/{rel}","templated":true}]}}