{"id":22990007,"date":"2025-07-03T14:22:21","date_gmt":"2025-07-03T20:22:21","guid":{"rendered":"https:\/\/unowebdesign.com\/servicios\/diseno-web\/"},"modified":"2025-07-08T16:26:32","modified_gmt":"2025-07-08T22:26:32","slug":"diseno-web","status":"publish","type":"page","link":"https:\/\/unowebdesign.com\/es\/servicios\/diseno-web\/","title":{"rendered":"Dise\u00f1o Web"},"content":{"rendered":"<div class=\"et_pb_section_0 et_pb_section et_section_regular et_flex_section\">\n<div class=\"et_pb_row_0 et_pb_row et_flex_row\">\n<div class=\"et_pb_column_0 et_pb_column et_flex_column et_pb_css_mix_blend_mode_passthrough et_flex_column_24_24 et_flex_column_24_24_tablet et_flex_column_24_24_phone\">\n<div class=\"et_pb_heading_0 et_pb_heading et_animated et_pb_module et_flex_module preset--module--divi-heading--3an6n7247h\"><div class=\"et_pb_heading_container\"><h1 class=\"et_pb_module_header\">Dise\u00f1o Web Innovador para Negocios en Crecimiento<\/h1><\/div><\/div>\n\n<div class=\"et_pb_heading_1 et_pb_heading et_pb_module et_flex_module preset--module--divi-heading--6bd9ix08vp\"><div class=\"et_pb_heading_container\"><h2 class=\"et_pb_module_header\">Dise\u00f1o Web<\/h2><\/div><\/div>\n<\/div>\n\n<div class=\"et_pb_column_1 et_pb_column et-last-child et_flex_column et_pb_css_mix_blend_mode_passthrough et_flex_column_24_24 et_flex_column_24_24_tablet et_flex_column_24_24_phone\">\n<div class=\"et_pb_image_0 et_pb_image et_pb_module et_flex_module\"><span class=\"et_pb_image_wrap\"><img loading=\"lazy\" decoding=\"async\" src=\"https:\/\/unowebdesign.com\/wp-content\/uploads\/2024\/08\/web-design-001.jpg\" title=\"google-maps-mobile\" width=\"2280\" height=\"1516\" sizes=\"(min-width: 0px) and (max-width: 480px) 480px, (min-width: 481px) and (max-width: 980px) 980px, (min-width: 981px) and (max-width: 1280px) 1280px, (min-width: 1281px) 2400px, 100vw\" class=\"wp-image-256\" \/><\/span><\/div>\n<\/div>\n<\/div>\n<\/div>\n\n<div class=\"et_pb_section_1 et_pb_section et_section_regular et_flex_section\">\n<div class=\"et_pb_row_1 et_pb_row et_flex_row et_animated\">\n<div class=\"et_pb_column_2 et_pb_column et-last-child et_flex_column et_pb_css_mix_blend_mode_passthrough et_flex_column_24_24 et_flex_column_24_24_tablet et_flex_column_24_24_phone\">\n<div class=\"et_pb_group_0 et_pb_group et-last-child et_pb_module et_flex_group et_pb_css_mix_blend_mode_passthrough\">\n<div class=\"et_pb_row_2 et_pb_row et_pb_row_nested et_flex_row\">\n<div class=\"et_pb_column_3 et_pb_column et_flex_column et_pb_css_mix_blend_mode_passthrough et_flex_column_24_24 et_flex_column_24_24_tablet et_flex_column_24_24_phone\">\n<div class=\"et_pb_blurb_0 et_pb_blurb et_pb_bg_layout_light et_pb_blurb_position_top et_pb_module et_flex_module preset--module--divi-blurb--okxyksvwwn\"><div class=\"et_pb_blurb_content et_flex_module\"><div class=\"et_pb_main_blurb_image\"><span class=\"et_pb_image_wrap et_pb_only_image_mode_wrap\"><img loading=\"lazy\" decoding=\"async\" src=\"https:\/\/unowebdesign.com\/wp-content\/uploads\/2025\/06\/icons8-increase-100.png\" width=\"100\" height=\"100\" sizes=\"(max-width: 100px) 100vw, 100px\" class=\"et-waypoint et_pb_animation_top et_pb_animation_top_tablet et_pb_animation_top_phone wp-image-22989441\" \/><\/span><\/div><div class=\"et_pb_blurb_container\"><h3 class=\"et_pb_module_header\">El 88\u202f% de los usuarios no vuelve despu\u00e9s de una mala experiencia web.<\/h3><\/div><\/div><\/div>\n<\/div>\n\n<div class=\"et_pb_column_4 et_pb_column et_flex_column et_pb_css_mix_blend_mode_passthrough et_flex_column_24_24 et_flex_column_24_24_tablet et_flex_column_24_24_phone\">\n<div class=\"et_pb_blurb_1 et_pb_blurb et_pb_bg_layout_light et_pb_blurb_position_top et_pb_module et_flex_module preset--module--divi-blurb--okxyksvwwn\"><div class=\"et_pb_blurb_content et_flex_module\"><div class=\"et_pb_main_blurb_image\"><span class=\"et_pb_image_wrap et_pb_only_image_mode_wrap\"><img loading=\"lazy\" decoding=\"async\" src=\"https:\/\/unowebdesign.com\/wp-content\/uploads\/2025\/06\/icons8-world-100.png\" width=\"100\" height=\"100\" sizes=\"(max-width: 100px) 100vw, 100px\" class=\"et-waypoint et_pb_animation_top et_pb_animation_top_tablet et_pb_animation_top_phone wp-image-22989429\" \/><\/span><\/div><div class=\"et_pb_blurb_container\"><h3 class=\"et_pb_module_header\">El 70\u202f% del tr\u00e1fico viene desde el m\u00f3vil \u2014 pero la mayor\u00eda de los sitios de negocios peque\u00f1os no est\u00e1n optimizados.<\/h3><\/div><\/div><\/div>\n<\/div>\n\n<div class=\"et_pb_column_5 et_pb_column et-last-child et_flex_column et_pb_css_mix_blend_mode_passthrough et_flex_column_24_24 et_flex_column_24_24_tablet et_flex_column_24_24_phone\">\n<div class=\"et_pb_blurb_2 et_pb_blurb et_pb_bg_layout_light et_pb_blurb_position_top et_pb_module et_flex_module preset--module--divi-blurb--okxyksvwwn\"><div class=\"et_pb_blurb_content et_flex_module\"><div class=\"et_pb_main_blurb_image\"><span class=\"et_pb_image_wrap et_pb_only_image_mode_wrap\"><img loading=\"lazy\" decoding=\"async\" src=\"https:\/\/unowebdesign.com\/wp-content\/uploads\/2025\/06\/icons8-website-100.png\" width=\"100\" height=\"100\" sizes=\"(max-width: 100px) 100vw, 100px\" class=\"et-waypoint et_pb_animation_top et_pb_animation_top_tablet et_pb_animation_top_phone wp-image-22989426\" \/><\/span><\/div><div class=\"et_pb_blurb_container\"><h3 class=\"et_pb_module_header\">El 38\u202f% se ir\u00e1 si el sitio es poco atractivo o dif\u00edcil de usar.<\/h3><\/div><\/div><\/div>\n<\/div>\n<\/div>\n\n<div class=\"et_pb_row_3 et_pb_row et_pb_row_nested et_flex_row\">\n<div class=\"et_pb_column_6 et_pb_column et-last-child et_flex_column et_pb_css_mix_blend_mode_passthrough et_flex_column_24_24 et_flex_column_24_24_tablet et_flex_column_24_24_phone\">\n<div class=\"et_pb_module et_pb_button_module_wrapper et_pb_button_0_wrapper preset--module--divi-button--cftu9pwgbt_wrapper\"><a class=\"et_pb_button_0 et_pb_button et_pb_bg_layout_light et_pb_module et_flex_module preset--module--divi-button--cftu9pwgbt\" href=\"#contact-section\">Hagamos crecer tu sitio web.<\/a><\/div>\n<\/div>\n<\/div>\n<\/div>\n<\/div>\n<\/div>\n<\/div>\n\n<div class=\"et_pb_section_2 et_pb_section et_section_regular et_flex_section\">\n<div class=\"et_pb_row_4 et_pb_row et_flex_row\">\n<div class=\"et_pb_column_7 et_pb_column et-last-child et_flex_column et_pb_css_mix_blend_mode_passthrough et_flex_column_24_24 et_flex_column_24_24_tablet et_flex_column_24_24_phone\">\n<div class=\"et_pb_heading_2 et_pb_heading et_pb_module et_flex_module preset--module--divi-heading--default\"><div class=\"et_pb_heading_container\"><h3 class=\"et_pb_module_header\">Sitios web que convierten<\/h3><\/div><\/div>\n\n<div class=\"et_pb_heading_3 et_pb_heading et_pb_module et_flex_module preset--module--divi-heading--6bd9ix08vp\"><div class=\"et_pb_heading_container\"><h4 class=\"et_pb_module_header\">Atrae visitas. Ret\u00e9n. Convierte.<\/h4><\/div><\/div>\n\n<div class=\"et_pb_text_0 et_pb_text et_pb_bg_layout_light et_pb_module et_flex_module\"><div class=\"et_pb_text_inner\"><p data-start=\"628\" data-end=\"752\">No solo dise\u00f1amos sitios bonitos. Creamos p\u00e1ginas con <strong data-start=\"690\" data-end=\"701\">prop\u00f3sito <\/strong>\u2014 que convierten, comunican y hacen crecer tu negocio. <\/p>\n<p data-start=\"754\" data-end=\"932\">Con m\u00e1s de 20 a\u00f1os de experiencia, desarrollamos sitios web a medida para marcas listas para escalar. Nada de plantillas pesadas ni relleno innecesario \u2014 solo dise\u00f1o inteligente que genera resultados reales.<\/p>\n<p data-start=\"934\" data-end=\"1094\">Ya sea que est\u00e9s en <strong data-start=\"952\" data-end=\"967\">hospitalidad<\/strong>, <strong data-start=\"969\" data-end=\"980\">turismo<\/strong>, <strong data-start=\"982\" data-end=\"997\">bienes ra\u00edces<\/strong>, <strong data-start=\"999\" data-end=\"1013\">comercio electr\u00f3nico<\/strong> o <strong data-start=\"1020\" data-end=\"1046\">servicios<\/strong>, dise\u00f1amos sitios que generan confianza y clics.<\/p>\n<\/div><\/div>\n\n<div class=\"et_pb_heading_4 et_pb_heading et_pb_module et_flex_module preset--module--divi-heading--default\"><div class=\"et_pb_heading_container\"><h3 class=\"et_pb_module_header\">Dise\u00f1o Web que Funciona \u2014 Por Industria<\/h3><\/div><\/div>\n\n<div class=\"et_pb_heading_5 et_pb_heading et_pb_module et_flex_module preset--module--divi-heading--6bd9ix08vp\"><div class=\"et_pb_heading_container\"><h4 class=\"et_pb_module_header\">Estrategias que dan resultados<\/h4><\/div><\/div>\n\n<div class=\"et_pb_text_1 et_pb_text et_pb_bg_layout_light et_pb_module et_flex_module\"><div class=\"et_pb_text_inner\"><p data-start=\"1141\" data-end=\"1321\">\ud83d\udece\ufe0f <strong data-start=\"1144\" data-end=\"1164\">Hoteles y Rentas Vacacionales<\/strong><br data-start=\"1164\" data-end=\"1167\">Dest\u00e1cate frente a las OTAs. Obt\u00e9n <strong data-start=\"1197\" data-end=\"1216\">m\u00e1s reservas directas<\/strong>, tiempos de carga r\u00e1pidos y dise\u00f1o m\u00f3vil desde el inicio. Tu sitio debe ser tu mejor motor de reservas \u2014 no Airbnb.  <\/p>\n<p data-start=\"1323\" data-end=\"1471\">\ud83c\udf7d\ufe0f <strong data-start=\"1326\" data-end=\"1341\">Restaurantes<\/strong><br data-start=\"1341\" data-end=\"1344\">Olv\u00eddate de los men\u00fas en PDF. Muestra tus platillos, facilita las reservas y aparece en las b\u00fasquedas \u201ccerca de m\u00ed\u201d. Tu men\u00fa merece m\u00e1s.  <\/p>\n<p data-start=\"1473\" data-end=\"1605\">\ud83c\udf34 <strong data-start=\"1476\" data-end=\"1493\">Agencias de Tours<\/strong><br data-start=\"1493\" data-end=\"1496\">Haz que tu sitio venda por ti. Inspira acci\u00f3n con im\u00e1genes impactantes, llamados a la acci\u00f3n claros y un sistema de reservas sin fricci\u00f3n. <\/p>\n<p data-start=\"1607\" data-end=\"1745\">\ud83c\udfe0 <strong data-start=\"1610\" data-end=\"1625\">Bienes Ra\u00edces<\/strong><br data-start=\"1625\" data-end=\"1628\">Dise\u00f1amos pensando en visibilidad y generaci\u00f3n de leads \u2014 con listados optimizados, mapas, recorridos virtuales y formularios que convierten.<\/p>\n<p data-start=\"1747\" data-end=\"1910\">\ud83d\udecd\ufe0f <strong data-start=\"1750\" data-end=\"1764\">E-commerce<\/strong><br data-start=\"1764\" data-end=\"1767\">Vende m\u00e1s con p\u00e1ginas de producto limpias, velocidad de carga alta y un proceso de compra fluido \u2014 ya sea en Shopify, WooCommerce o tu stack personalizado.<\/p>\n<p data-start=\"1912\" data-end=\"2079\">\ud83d\udee0\ufe0f <strong data-start=\"1916\" data-end=\"1938\">Negocios de Servicios<\/strong><br data-start=\"1938\" data-end=\"1941\">Ya seas plomero, abogado o freelancer \u2014 tu sitio web debe generar confianza desde el primer segundo y convertir visitas en clientes. Nosotros nos aseguramos de que lo haga. <\/p>\n<\/div><\/div>\n<\/div>\n<\/div>\n<\/div>\n\n<div class=\"et_pb_section_3 et_pb_section et_section_regular et_flex_section\" id=\"contact-section\">\r\n<div class=\"et_pb_row_5 et_pb_row et_flex_row\">\r\n<div class=\"et_pb_column_8 et_pb_column et_flex_column et_pb_column_empty et_pb_css_mix_blend_mode_passthrough et_flex_column_24_24 et_flex_column_24_24_tablet et_flex_column_24_24_phone\"><\/div>\r\n\r\n<div class=\"et_pb_column_9 et_pb_column et-last-child et_flex_column et_pb_css_mix_blend_mode_passthrough et_flex_column_24_24 et_flex_column_24_24_tablet et_flex_column_24_24_phone\">\r\n<div class=\"et_pb_contact_form_0 et_pb_contact_form_container clearfix et_animated et_pb_module et_flex_module preset--module--divi-contact-form--default\" data-form_unique_num=\"0\" data-form_unique_id=\"7067d836e5cc6b8d0df5f1ee01accc26\" id=\"et_pb_contact_form_7067d836e5cc6b8d0df5f1ee01accc26\"><h3 class=\"et_pb_contact_main_title\">Book a FREE Consultation Session<\/h3><div class=\"et-pb-contact-message\"><\/div><div class=\"et_pb_contact\"><form class=\"et_pb_contact_form et_flex_module\" method=\"post\" action=\"https:\/\/unowebdesign.com\/es\/wp-json\/wp\/v2\/pages\/22990007\">\r\n<div class=\"et_pb_contact_field_0 et_pb_contact_field et_pb_module et_flex_module et_flex_column_24_24 et_flex_column_24_24_tablet et_flex_column_24_24_phone\" data-id=\"name\" data-type=\"input\"><label class=\"et_pb_contact_form_label\">Name<\/label><input type=\"text\" name=\"et_pb_contact_0_name_0\" id=\"et_pb_contact_0_name_0\" class=\"input\" data-required_mark=\"required\" data-field_type=\"input\" data-original_id=\"name\" placeholder=\"Name\" title=\"\" value=\"\" \/><\/div>\r\n\r\n<div class=\"et_pb_contact_field_1 et_pb_contact_field et_pb_module et_flex_module et_flex_column_24_24 et_flex_column_24_24_tablet et_flex_column_24_24_phone\" data-id=\"email\" data-type=\"email\"><label class=\"et_pb_contact_form_label\">Email Address<\/label><input type=\"text\" name=\"et_pb_contact_0_email_1\" id=\"et_pb_contact_0_email_1\" class=\"input\" data-required_mark=\"required\" data-field_type=\"email\" data-original_id=\"email\" placeholder=\"Email Address\" title=\"\" value=\"\" \/><\/div>\r\n\r\n<div class=\"et_pb_contact_field_2 et_pb_contact_field et_pb_module et_flex_module et_flex_column_24_24 et_flex_column_24_24_tablet et_flex_column_24_24_phone\" data-id=\"message\" data-type=\"text\"><label class=\"et_pb_contact_form_label\">Message<\/label><textarea name=\"et_pb_contact_0_message_2\" id=\"et_pb_contact_0_message_2\" class=\"et_pb_contact_message input\" data-required_mark=\"required\" data-field_type=\"text\" data-original_id=\"message\" placeholder=\"Message\"><\/textarea><\/div>\r\n<input type=\"hidden\" name=\"et_pb_contactform_submit_7067d836e5cc6b8d0df5f1ee01accc26\" value=\"et_contact_proccess\" \/><div class=\"et_contact_bottom_container\"><div class=\"et_pb_button_wrapper\"><button type=\"submit\" name=\"et_builder_submit_button\" class=\"et_pb_button et_pb_contact_submit\">Start your strategy now!<\/button><\/div><\/div><input type=\"hidden\" id=\"_wpnonce-et-pb-contact-form-submitted-7067d836e5cc6b8d0df5f1ee01accc26\" name=\"_wpnonce-et-pb-contact-form-submitted-7067d836e5cc6b8d0df5f1ee01accc26\" value=\"b0327607c9\" \/><input type=\"hidden\" name=\"_wp_http_referer\" value=\"\/es\/wp-json\/wp\/v2\/pages\/22990007\" \/><\/form><\/div><\/div>\r\n<\/div>\r\n<\/div>\r\n<\/div>\n\n<div class=\"et_pb_section_4 et_pb_section et_section_regular et_flex_section\">\n<div class=\"et_pb_row_6 et_pb_row et_flex_row\">\n<div class=\"et_pb_column_10 et_pb_column et-last-child et_flex_column et_pb_css_mix_blend_mode_passthrough et_flex_column_24_24 et_flex_column_24_24_tablet et_flex_column_24_24_phone\">\n<div class=\"et_pb_heading_6 et_pb_heading et_pb_module et_flex_module preset--module--divi-heading--default\"><div class=\"et_pb_heading_container\"><h3 class=\"et_pb_module_header\">Nuestro Enfoque en Sprints para Dise\u00f1o Web<\/h3><\/div><\/div>\n\n<div class=\"et_pb_blurb_3 et_pb_blurb et_pb_bg_layout_light et_pb_blurb_position_left et_animated et_pb_module et_flex_module preset--module--divi-blurb--r5087l27hm\"><div class=\"et_pb_blurb_content et_flex_module\"><div class=\"et_pb_main_blurb_image\"><span class=\"et_pb_image_wrap et_pb_only_image_mode_wrap\"><img loading=\"lazy\" decoding=\"async\" src=\"https:\/\/unowebdesign.com\/wp-content\/uploads\/2025\/06\/icons8-increase-100.png\" width=\"100\" height=\"100\" sizes=\"(max-width: 100px) 100vw, 100px\" class=\"et-waypoint et_pb_animation_top et_pb_animation_top_tablet et_pb_animation_top_phone wp-image-22989441\" \/><\/span><\/div><div class=\"et_pb_blurb_container\"><h3 class=\"et_pb_module_header\">Sprint 1 \u2014 Descubrimiento y Estrategia<\/h3><div class=\"et_pb_blurb_description\"><p>Analizamos tu marca, tu audiencia y tus objetivos. Creamos un mapa del sitio y wireframe con una estructura pensada para convertir. <\/p>\n<\/div><\/div><\/div><\/div>\n\n<div class=\"et_pb_blurb_4 et_pb_blurb et_pb_bg_layout_light et_pb_blurb_position_left et_animated et_pb_module et_flex_module preset--module--divi-blurb--r5087l27hm\"><div class=\"et_pb_blurb_content et_flex_module\"><div class=\"et_pb_main_blurb_image\"><span class=\"et_pb_image_wrap et_pb_only_image_mode_wrap\"><img loading=\"lazy\" decoding=\"async\" src=\"https:\/\/unowebdesign.com\/wp-content\/uploads\/2025\/06\/icons8-increase-100.png\" width=\"100\" height=\"100\" sizes=\"(max-width: 100px) 100vw, 100px\" class=\"et-waypoint et_pb_animation_top et_pb_animation_top_tablet et_pb_animation_top_phone wp-image-22989441\" \/><\/span><\/div><div class=\"et_pb_blurb_container\"><h3 class=\"et_pb_module_header\">Sprint 2 \u2014 Dise\u00f1o y Desarrollo<\/h3><div class=\"et_pb_blurb_description\"><p>Construimos un sitio r\u00e1pido, moderno y m\u00f3vil desde el dise\u00f1o \u2014 no solo atractivo, sino efectivo.<\/p>\n<\/div><\/div><\/div><\/div>\n\n<div class=\"et_pb_blurb_5 et_pb_blurb et_pb_bg_layout_light et_pb_blurb_position_left et_animated et_pb_module et_flex_module preset--module--divi-blurb--r5087l27hm\"><div class=\"et_pb_blurb_content et_flex_module\"><div class=\"et_pb_main_blurb_image\"><span class=\"et_pb_image_wrap et_pb_only_image_mode_wrap\"><img loading=\"lazy\" decoding=\"async\" src=\"https:\/\/unowebdesign.com\/wp-content\/uploads\/2025\/06\/icons8-increase-100.png\" width=\"100\" height=\"100\" sizes=\"(max-width: 100px) 100vw, 100px\" class=\"et-waypoint et_pb_animation_top et_pb_animation_top_tablet et_pb_animation_top_phone wp-image-22989441\" \/><\/span><\/div><div class=\"et_pb_blurb_container\"><h3 class=\"et_pb_module_header\">Sprint 3 \u2014 Lanzamiento y Optimizaci\u00f3n\n<\/h3><div class=\"et_pb_blurb_description\"><p data-start=\"2548\" data-end=\"2679\">Probamos en todos los dispositivos, aseguramos tu dominio y optimizamos para SEO. Obtienes un sitio confiable, veloz y listo para escalar. <\/p>\n<\/div><\/div><\/div><\/div>\n<\/div>\n<\/div>\n<\/div>\n\n<div class=\"et_pb_section_5 et_pb_section et_section_regular et_flex_section\">\n<div class=\"et_pb_row_7 et_pb_row et_flex_row glass-bg\">\n<div class=\"et_pb_column_11 et_pb_column et-last-child et_flex_column et_pb_css_mix_blend_mode_passthrough et_flex_column_24_24 et_flex_column_24_24_tablet et_flex_column_24_24_phone\">\n<div class=\"et_pb_heading_7 et_pb_heading et_pb_module et_flex_module preset--module--divi-heading--3an6n7247h\"><div class=\"et_pb_heading_container\"><h3 class=\"et_pb_module_header\">Tu Sitio Web = Tu Motor de Crecimiento<\/h3><\/div><\/div>\n\n<div class=\"et_pb_heading_8 et_pb_heading et_pb_module et_flex_module preset--module--divi-heading--default\"><div class=\"et_pb_heading_container\"><h4 class=\"et_pb_module_header\">Si tu sitio actual no refleja tu valor \u2014 o peor, aleja a tus clientes \u2014 podemos solucionarlo.\nConstruyamos algo que realmente haga crecer tu negocio.<\/h4><\/div><\/div>\n\n<div class=\"et_pb_module et_pb_button_module_wrapper et_pb_button_1_wrapper preset--module--divi-button--82l3npo0hs_wrapper\"><a class=\"et_pb_button_1 et_pb_button et_pb_bg_layout_light et_pb_module et_flex_module preset--module--divi-button--82l3npo0hs\" href=\"#contact-section\">Reserva una llamada gratuita de 15 minutos<\/a><\/div>\n<\/div>\n<\/div>\n<\/div>","protected":false},"excerpt":{"rendered":"","protected":false},"author":1,"featured_media":0,"parent":22989999,"menu_order":0,"comment_status":"closed","ping_status":"closed","template":"","meta":{"_acf_changed":false,"footnotes":""},"folder":[31],"class_list":["post-22990007","page","type-page","status-publish","hentry"],"acf":[],"_links":{"self":[{"href":"https:\/\/unowebdesign.com\/es\/wp-json\/wp\/v2\/pages\/22990007","targetHints":{"allow":["GET"]}}],"collection":[{"href":"https:\/\/unowebdesign.com\/es\/wp-json\/wp\/v2\/pages"}],"about":[{"href":"https:\/\/unowebdesign.com\/es\/wp-json\/wp\/v2\/types\/page"}],"author":[{"embeddable":true,"href":"https:\/\/unowebdesign.com\/es\/wp-json\/wp\/v2\/users\/1"}],"replies":[{"embeddable":true,"href":"https:\/\/unowebdesign.com\/es\/wp-json\/wp\/v2\/comments?post=22990007"}],"version-history":[{"count":1,"href":"https:\/\/unowebdesign.com\/es\/wp-json\/wp\/v2\/pages\/22990007\/revisions"}],"predecessor-version":[{"id":22990008,"href":"https:\/\/unowebdesign.com\/es\/wp-json\/wp\/v2\/pages\/22990007\/revisions\/22990008"}],"up":[{"embeddable":true,"href":"https:\/\/unowebdesign.com\/es\/wp-json\/wp\/v2\/pages\/22989999"}],"wp:attachment":[{"href":"https:\/\/unowebdesign.com\/es\/wp-json\/wp\/v2\/media?parent=22990007"}],"wp:term":[{"taxonomy":"folder","embeddable":true,"href":"https:\/\/unowebdesign.com\/es\/wp-json\/wp\/v2\/folder?post=22990007"}],"curies":[{"name":"wp","href":"https:\/\/api.w.org\/{rel}","templated":true}]}}