{"id":22990005,"date":"2025-07-03T14:10:27","date_gmt":"2025-07-03T20:10:27","guid":{"rendered":"https:\/\/unowebdesign.com\/servicios\/seo\/"},"modified":"2025-07-08T16:21:51","modified_gmt":"2025-07-08T22:21:51","slug":"seo","status":"publish","type":"page","link":"https:\/\/unowebdesign.com\/es\/servicios\/seo\/","title":{"rendered":"SEO"},"content":{"rendered":"<div class=\"et_pb_section_0 et_pb_section et_section_regular et_flex_section\">\n<div class=\"et_pb_row_0 et_pb_row et_flex_row\">\n<div class=\"et_pb_column_0 et_pb_column et_flex_column et_pb_css_mix_blend_mode_passthrough et_flex_column_24_24 et_flex_column_24_24_tablet et_flex_column_24_24_phone\">\n<div class=\"et_pb_heading_0 et_pb_heading et_animated et_pb_module et_flex_module preset--module--divi-heading--3an6n7247h\"><div class=\"et_pb_heading_container\"><h1 class=\"et_pb_module_header\">SEO Inteligente para Negocios Audaces<\/h1><\/div><\/div>\n\n<div class=\"et_pb_heading_1 et_pb_heading et_pb_module et_flex_module preset--module--divi-heading--6bd9ix08vp\"><div class=\"et_pb_heading_container\"><h2 class=\"et_pb_module_header\">Estrategias SEO<\/h2><\/div><\/div>\n<\/div>\n\n<div class=\"et_pb_column_1 et_pb_column et-last-child et_flex_column et_pb_css_mix_blend_mode_passthrough et_flex_column_24_24 et_flex_column_24_24_tablet et_flex_column_24_24_phone\">\n<div class=\"et_pb_image_0 et_pb_image et_pb_module et_flex_module\"><span class=\"et_pb_image_wrap\"><img loading=\"lazy\" decoding=\"async\" src=\"https:\/\/unowebdesign.com\/wp-content\/uploads\/2024\/08\/google-search-console.webp\" title=\"google-maps-mobile\" width=\"2280\" height=\"1516\" sizes=\"(min-width: 0px) and (max-width: 480px) 480px, (min-width: 481px) and (max-width: 980px) 980px, (min-width: 981px) and (max-width: 1280px) 1280px, (min-width: 1281px) 2280px, 100vw\" class=\"wp-image-256\" \/><\/span><\/div>\n<\/div>\n<\/div>\n<\/div>\n\n<div class=\"et_pb_section_1 et_pb_section et_section_regular et_flex_section\">\n<div class=\"et_pb_row_1 et_pb_row et_flex_row et_animated\">\n<div class=\"et_pb_column_2 et_pb_column et-last-child et_flex_column et_pb_css_mix_blend_mode_passthrough et_flex_column_24_24 et_flex_column_24_24_tablet et_flex_column_24_24_phone\">\n<div class=\"et_pb_group_0 et_pb_group et-last-child et_pb_module et_flex_group et_pb_css_mix_blend_mode_passthrough\">\n<div class=\"et_pb_row_2 et_pb_row et_pb_row_nested et_flex_row\">\n<div class=\"et_pb_column_3 et_pb_column et_flex_column et_pb_css_mix_blend_mode_passthrough et_flex_column_24_24 et_flex_column_24_24_tablet et_flex_column_24_24_phone\">\n<div class=\"et_pb_blurb_0 et_pb_blurb et_pb_bg_layout_light et_pb_blurb_position_top et_pb_module et_flex_module preset--module--divi-blurb--okxyksvwwn\"><div class=\"et_pb_blurb_content et_flex_module\"><div class=\"et_pb_main_blurb_image\"><span class=\"et_pb_image_wrap et_pb_only_image_mode_wrap\"><img loading=\"lazy\" decoding=\"async\" src=\"https:\/\/unowebdesign.com\/wp-content\/uploads\/2025\/06\/icons8-increase-100.png\" width=\"100\" height=\"100\" sizes=\"(max-width: 100px) 100vw, 100px\" class=\"et-waypoint et_pb_animation_top et_pb_animation_top_tablet et_pb_animation_top_phone wp-image-22989441\" \/><\/span><\/div><div class=\"et_pb_blurb_container\"><h3 class=\"et_pb_module_header\">El 68\u202f% de las experiencias online comienzan con una b\u00fasqueda.<\/h3><\/div><\/div><\/div>\n<\/div>\n\n<div class=\"et_pb_column_4 et_pb_column et_flex_column et_pb_css_mix_blend_mode_passthrough et_flex_column_24_24 et_flex_column_24_24_tablet et_flex_column_24_24_phone\">\n<div class=\"et_pb_blurb_1 et_pb_blurb et_pb_bg_layout_light et_pb_blurb_position_top et_pb_module et_flex_module preset--module--divi-blurb--okxyksvwwn\"><div class=\"et_pb_blurb_content et_flex_module\"><div class=\"et_pb_main_blurb_image\"><span class=\"et_pb_image_wrap et_pb_only_image_mode_wrap\"><img loading=\"lazy\" decoding=\"async\" src=\"https:\/\/unowebdesign.com\/wp-content\/uploads\/2025\/06\/icons8-website-100.png\" width=\"100\" height=\"100\" sizes=\"(max-width: 100px) 100vw, 100px\" class=\"et-waypoint et_pb_animation_top et_pb_animation_top_tablet et_pb_animation_top_phone wp-image-22989426\" \/><\/span><\/div><div class=\"et_pb_blurb_container\"><h3 class=\"et_pb_module_header\">Las empresas que invierten en SEO convierten 10 veces m\u00e1s que aquellas que solo dependen de anuncios.<\/h3><\/div><\/div><\/div>\n<\/div>\n\n<div class=\"et_pb_column_5 et_pb_column et-last-child et_flex_column et_pb_css_mix_blend_mode_passthrough et_flex_column_24_24 et_flex_column_24_24_tablet et_flex_column_24_24_phone\">\n<div class=\"et_pb_blurb_2 et_pb_blurb et_pb_bg_layout_light et_pb_blurb_position_top et_pb_module et_flex_module preset--module--divi-blurb--okxyksvwwn\"><div class=\"et_pb_blurb_content et_flex_module\"><div class=\"et_pb_main_blurb_image\"><span class=\"et_pb_image_wrap et_pb_only_image_mode_wrap\"><img loading=\"lazy\" decoding=\"async\" src=\"https:\/\/unowebdesign.com\/wp-content\/uploads\/2025\/06\/icons8-world-100.png\" width=\"100\" height=\"100\" sizes=\"(max-width: 100px) 100vw, 100px\" class=\"et-waypoint et_pb_animation_top et_pb_animation_top_tablet et_pb_animation_top_phone wp-image-22989429\" \/><\/span><\/div><div class=\"et_pb_blurb_container\"><h3 class=\"et_pb_module_header\">El 75\u202f% de los usuarios nunca pasa de la primera p\u00e1gina de Google.<\/h3><\/div><\/div><\/div>\n<\/div>\n<\/div>\n\n<div class=\"et_pb_row_3 et_pb_row et_pb_row_nested et_flex_row\">\n<div class=\"et_pb_column_6 et_pb_column et-last-child et_flex_column et_pb_css_mix_blend_mode_passthrough et_flex_column_24_24 et_flex_column_24_24_tablet et_flex_column_24_24_phone\">\n<div class=\"et_pb_module et_pb_button_module_wrapper et_pb_button_0_wrapper preset--module--divi-button--cftu9pwgbt_wrapper\"><a class=\"et_pb_button_0 et_pb_button et_pb_bg_layout_light et_pb_module et_flex_module preset--module--divi-button--cftu9pwgbt\" href=\"#contact-section\">Vamos a trazar tu plan de crecimiento.<\/a><\/div>\n<\/div>\n<\/div>\n<\/div>\n<\/div>\n<\/div>\n<\/div>\n\n<div class=\"et_pb_section_2 et_pb_section et_section_regular et_flex_section\">\n<div class=\"et_pb_row_4 et_pb_row et_flex_row\">\n<div class=\"et_pb_column_7 et_pb_column et-last-child et_flex_column et_pb_css_mix_blend_mode_passthrough et_flex_column_24_24 et_flex_column_24_24_tablet et_flex_column_24_24_phone\">\n<div class=\"et_pb_heading_2 et_pb_heading et_pb_module et_flex_module preset--module--divi-heading--default\"><div class=\"et_pb_heading_container\"><h3 class=\"et_pb_module_header\">SEO Inteligente para Negocios Audaces<\/h3><\/div><\/div>\n\n<div class=\"et_pb_heading_3 et_pb_heading et_pb_module et_flex_module preset--module--divi-heading--6bd9ix08vp\"><div class=\"et_pb_heading_container\"><h4 class=\"et_pb_module_header\">Llega a la primera p\u00e1gina<\/h4><\/div><\/div>\n\n<div class=\"et_pb_text_0 et_pb_text et_pb_bg_layout_light et_pb_module et_flex_module\"><div class=\"et_pb_text_inner\"><p data-start=\"485\" data-end=\"678\">No vendemos sue\u00f1os. Dise\u00f1amos estrategias.<br data-start=\"525\" data-end=\"528\">Con m\u00e1s de 20 a\u00f1os de experiencia, nuestras estrategias SEO est\u00e1n hechas a medida para tu industria, tu audiencia y tus objetivos. Sin relleno. Sin plantillas gen\u00e9ricas. <\/p>\n<p data-start=\"680\" data-end=\"855\">Ya sea que dirijas un <strong data-start=\"705\" data-end=\"714\">hotel<\/strong>, <strong data-start=\"716\" data-end=\"730\">restaurante<\/strong>, <strong data-start=\"732\" data-end=\"747\">agencia de tours<\/strong>, <strong data-start=\"749\" data-end=\"773\">negocio inmobiliario<\/strong> o <strong data-start=\"778\" data-end=\"798\">tienda en l\u00ednea<\/strong>, tenemos estrategias probadas para que te posiciones y generes resultados.<\/p>\n<\/div><\/div>\n\n<div class=\"et_pb_heading_4 et_pb_heading et_pb_module et_flex_module preset--module--divi-heading--default\"><div class=\"et_pb_heading_container\"><h3 class=\"et_pb_module_header\">SEO que Funciona \u2014 Por Industria<\/h3><\/div><\/div>\n\n<div class=\"et_pb_heading_5 et_pb_heading et_pb_module et_flex_module preset--module--divi-heading--6bd9ix08vp\"><div class=\"et_pb_heading_container\"><h4 class=\"et_pb_module_header\">Estrategias que dan resultados<\/h4><\/div><\/div>\n\n<div class=\"et_pb_text_1 et_pb_text et_pb_bg_layout_light et_pb_module et_flex_module\"><div class=\"et_pb_text_inner\"><p data-start=\"899\" data-end=\"1006\">\ud83d\udece\ufe0f <strong data-start=\"903\" data-end=\"913\">Hoteles<\/strong><br data-start=\"913\" data-end=\"916\">Posici\u00f3nate en Google y TripAdvisor. Aumenta tus reservas directas. Deja de depender solo de OTAs.  <\/p>\n<p data-start=\"1008\" data-end=\"1115\">\ud83c\udf7d\ufe0f <strong data-start=\"1012\" data-end=\"1027\">Restaurantes<\/strong><br data-start=\"1027\" data-end=\"1030\">Domina las b\u00fasquedas \u201ccerca de m\u00ed\u201d, destaca tu men\u00fa y llena m\u00e1s mesas \u2014 todas las noches.<\/p>\n<p data-start=\"1117\" data-end=\"1220\">\ud83c\udf34 <strong data-start=\"1120\" data-end=\"1137\">Agencias de Tours<\/strong><br data-start=\"1137\" data-end=\"1140\">Conquista a los viajeros con contenido que convierte, buenas rese\u00f1as y visibilidad en buscadores.<\/p>\n<p data-start=\"1222\" data-end=\"1319\">\ud83c\udfe0 <strong data-start=\"1225\" data-end=\"1240\">Bienes Ra\u00edces<\/strong><br data-start=\"1240\" data-end=\"1243\">Conecta con compradores locales con listados optimizados y estrategias de SEO hiperlocal.<\/p>\n<p data-start=\"1321\" data-end=\"1423\">\ud83d\uded2 <strong data-start=\"1324\" data-end=\"1338\">E-commerce<\/strong><br data-start=\"1338\" data-end=\"1341\">Haz que tus productos se vean con p\u00e1ginas r\u00e1pidas, bien optimizadas y keywords estrat\u00e9gicas.<\/p>\n<\/div><\/div>\n<\/div>\n<\/div>\n<\/div>\n\n<div class=\"et_pb_section_3 et_pb_section et_section_regular et_flex_section\" id=\"contact-section\">\r\n<div class=\"et_pb_row_5 et_pb_row et_flex_row\">\r\n<div class=\"et_pb_column_8 et_pb_column et_flex_column et_pb_column_empty et_pb_css_mix_blend_mode_passthrough et_flex_column_24_24 et_flex_column_24_24_tablet et_flex_column_24_24_phone\"><\/div>\r\n\r\n<div class=\"et_pb_column_9 et_pb_column et-last-child et_flex_column et_pb_css_mix_blend_mode_passthrough et_flex_column_24_24 et_flex_column_24_24_tablet et_flex_column_24_24_phone\">\r\n<div class=\"et_pb_contact_form_0 et_pb_contact_form_container clearfix et_animated et_pb_module et_flex_module preset--module--divi-contact-form--default\" data-form_unique_num=\"0\" data-form_unique_id=\"7067d836e5cc6b8d0df5f1ee01accc26\" id=\"et_pb_contact_form_7067d836e5cc6b8d0df5f1ee01accc26\"><h3 class=\"et_pb_contact_main_title\">Book a FREE Consultation Session<\/h3><div class=\"et-pb-contact-message\"><\/div><div class=\"et_pb_contact\"><form class=\"et_pb_contact_form et_flex_module\" method=\"post\" action=\"https:\/\/unowebdesign.com\/es\/wp-json\/wp\/v2\/pages\/22990005\">\r\n<div class=\"et_pb_contact_field_0 et_pb_contact_field et_pb_module et_flex_module et_flex_column_24_24 et_flex_column_24_24_tablet et_flex_column_24_24_phone\" data-id=\"name\" data-type=\"input\"><label class=\"et_pb_contact_form_label\">Name<\/label><input type=\"text\" name=\"et_pb_contact_0_name_0\" id=\"et_pb_contact_0_name_0\" class=\"input\" data-required_mark=\"required\" data-field_type=\"input\" data-original_id=\"name\" placeholder=\"Name\" title=\"\" value=\"\" \/><\/div>\r\n\r\n<div class=\"et_pb_contact_field_1 et_pb_contact_field et_pb_module et_flex_module et_flex_column_24_24 et_flex_column_24_24_tablet et_flex_column_24_24_phone\" data-id=\"email\" data-type=\"email\"><label class=\"et_pb_contact_form_label\">Email Address<\/label><input type=\"text\" name=\"et_pb_contact_0_email_1\" id=\"et_pb_contact_0_email_1\" class=\"input\" data-required_mark=\"required\" data-field_type=\"email\" data-original_id=\"email\" placeholder=\"Email Address\" title=\"\" value=\"\" \/><\/div>\r\n\r\n<div class=\"et_pb_contact_field_2 et_pb_contact_field et_pb_module et_flex_module et_flex_column_24_24 et_flex_column_24_24_tablet et_flex_column_24_24_phone\" data-id=\"message\" data-type=\"text\"><label class=\"et_pb_contact_form_label\">Message<\/label><textarea name=\"et_pb_contact_0_message_2\" id=\"et_pb_contact_0_message_2\" class=\"et_pb_contact_message input\" data-required_mark=\"required\" data-field_type=\"text\" data-original_id=\"message\" placeholder=\"Message\"><\/textarea><\/div>\r\n<input type=\"hidden\" name=\"et_pb_contactform_submit_7067d836e5cc6b8d0df5f1ee01accc26\" value=\"et_contact_proccess\" \/><div class=\"et_contact_bottom_container\"><div class=\"et_pb_button_wrapper\"><button type=\"submit\" name=\"et_builder_submit_button\" class=\"et_pb_button et_pb_contact_submit\">Start your strategy now!<\/button><\/div><\/div><input type=\"hidden\" id=\"_wpnonce-et-pb-contact-form-submitted-7067d836e5cc6b8d0df5f1ee01accc26\" name=\"_wpnonce-et-pb-contact-form-submitted-7067d836e5cc6b8d0df5f1ee01accc26\" value=\"e5a8326ee8\" \/><input type=\"hidden\" name=\"_wp_http_referer\" value=\"\/es\/wp-json\/wp\/v2\/pages\/22990005\" \/><\/form><\/div><\/div>\r\n<\/div>\r\n<\/div>\r\n<\/div>\n\n<div class=\"et_pb_section_4 et_pb_section et_section_regular et_flex_section\">\n<div class=\"et_pb_row_6 et_pb_row et_flex_row\">\n<div class=\"et_pb_column_10 et_pb_column et-last-child et_flex_column et_pb_css_mix_blend_mode_passthrough et_flex_column_24_24 et_flex_column_24_24_tablet et_flex_column_24_24_phone\">\n<div class=\"et_pb_heading_6 et_pb_heading et_pb_module et_flex_module preset--module--divi-heading--default\"><div class=\"et_pb_heading_container\"><h3 class=\"et_pb_module_header\">Nuestro Enfoque SEO Basado en Sprints<\/h3><\/div><\/div>\n\n<div class=\"et_pb_blurb_3 et_pb_blurb et_pb_bg_layout_light et_pb_blurb_position_left et_animated et_pb_module et_flex_module preset--module--divi-blurb--r5087l27hm\"><div class=\"et_pb_blurb_content et_flex_module\"><div class=\"et_pb_main_blurb_image\"><span class=\"et_pb_image_wrap et_pb_only_image_mode_wrap\"><img loading=\"lazy\" decoding=\"async\" src=\"https:\/\/unowebdesign.com\/wp-content\/uploads\/2025\/06\/icons8-increase-100.png\" width=\"100\" height=\"100\" sizes=\"(max-width: 100px) 100vw, 100px\" class=\"et-waypoint et_pb_animation_top et_pb_animation_top_tablet et_pb_animation_top_phone wp-image-22989441\" \/><\/span><\/div><div class=\"et_pb_blurb_container\"><h3 class=\"et_pb_module_header\">Sprint 1 \u2014 Auditor\u00eda SEO y Proyecci\u00f3n de Tr\u00e1fico<\/h3><div class=\"et_pb_blurb_description\"><p>Analizamos m\u00e1s de 100 factores t\u00e9cnicos y de contenido. Te mostramos cu\u00e1ntas visitas <em data-start=\"1674\" data-end=\"1679\">puedes <\/em>lograr. Datos reales. Proyecciones reales. Estrategia real.   <\/p>\n<\/div><\/div><\/div><\/div>\n\n<div class=\"et_pb_blurb_4 et_pb_blurb et_pb_bg_layout_light et_pb_blurb_position_left et_animated et_pb_module et_flex_module preset--module--divi-blurb--r5087l27hm\"><div class=\"et_pb_blurb_content et_flex_module\"><div class=\"et_pb_main_blurb_image\"><span class=\"et_pb_image_wrap et_pb_only_image_mode_wrap\"><img loading=\"lazy\" decoding=\"async\" src=\"https:\/\/unowebdesign.com\/wp-content\/uploads\/2025\/06\/icons8-increase-100.png\" width=\"100\" height=\"100\" sizes=\"(max-width: 100px) 100vw, 100px\" class=\"et-waypoint et_pb_animation_top et_pb_animation_top_tablet et_pb_animation_top_phone wp-image-22989441\" \/><\/span><\/div><div class=\"et_pb_blurb_container\"><h3 class=\"et_pb_module_header\">Sprint 2 \u2014 Estrategia de Contenidos y Optimizaci\u00f3n<\/h3><div class=\"et_pb_blurb_description\"><p>Desde p\u00e1ginas de servicios hasta blogs: creamos contenido que <em data-start=\"1842\" data-end=\"1847\">posiciona y convierte<\/em>, con base en investigaci\u00f3n de keywords, intenci\u00f3n del usuario y an\u00e1lisis de competencia.<\/p>\n<\/div><\/div><\/div><\/div>\n\n<div class=\"et_pb_blurb_5 et_pb_blurb et_pb_bg_layout_light et_pb_blurb_position_left et_animated et_pb_module et_flex_module preset--module--divi-blurb--r5087l27hm\"><div class=\"et_pb_blurb_content et_flex_module\"><div class=\"et_pb_main_blurb_image\"><span class=\"et_pb_image_wrap et_pb_only_image_mode_wrap\"><img loading=\"lazy\" decoding=\"async\" src=\"https:\/\/unowebdesign.com\/wp-content\/uploads\/2025\/06\/icons8-increase-100.png\" width=\"100\" height=\"100\" sizes=\"(max-width: 100px) 100vw, 100px\" class=\"et-waypoint et_pb_animation_top et_pb_animation_top_tablet et_pb_animation_top_phone wp-image-22989441\" \/><\/span><\/div><div class=\"et_pb_blurb_container\"><h3 class=\"et_pb_module_header\">Sprint 3 \u2014 Link Building y Aumento de Autoridad<\/h3><div class=\"et_pb_blurb_description\"><p data-start=\"1971\" data-end=\"2094\">Obtenemos enlaces relevantes y construimos una reputaci\u00f3n s\u00f3lida para tu sitio. Escalas en Google y aumentas tu credibilidad. <\/p>\n<\/div><\/div><\/div><\/div>\n<\/div>\n<\/div>\n<\/div>\n\n<div class=\"et_pb_section_5 et_pb_section et_section_regular et_flex_section\">\n<div class=\"et_pb_row_7 et_pb_row et_flex_row glass-bg\">\n<div class=\"et_pb_column_11 et_pb_column et-last-child et_flex_column et_pb_css_mix_blend_mode_passthrough et_flex_column_24_24 et_flex_column_24_24_tablet et_flex_column_24_24_phone\">\n<div class=\"et_pb_heading_7 et_pb_heading et_pb_module et_flex_module preset--module--divi-heading--3an6n7247h\"><div class=\"et_pb_heading_container\"><h3 class=\"et_pb_module_header\">\u00bfNo sabes si el SEO es para tu negocio?<\/h3><\/div><\/div>\n\n<div class=\"et_pb_heading_8 et_pb_heading et_pb_module et_flex_module preset--module--divi-heading--default\"><div class=\"et_pb_heading_container\"><h4 class=\"et_pb_module_header\">Hablemos. Agenda una consulta gratuita de 15 minutos y descubre lo que es posible. <\/h4><\/div><\/div>\n\n<div class=\"et_pb_module et_pb_button_module_wrapper et_pb_button_1_wrapper preset--module--divi-button--82l3npo0hs_wrapper\"><a class=\"et_pb_button_1 et_pb_button et_pb_bg_layout_light et_pb_module et_flex_module preset--module--divi-button--82l3npo0hs\" href=\"#contact-section\">Habla con un experto en SEO<\/a><\/div>\n<\/div>\n<\/div>\n<\/div>","protected":false},"excerpt":{"rendered":"","protected":false},"author":1,"featured_media":0,"parent":22989999,"menu_order":0,"comment_status":"closed","ping_status":"closed","template":"","meta":{"_acf_changed":false,"footnotes":""},"folder":[31],"class_list":["post-22990005","page","type-page","status-publish","hentry"],"acf":[],"_links":{"self":[{"href":"https:\/\/unowebdesign.com\/es\/wp-json\/wp\/v2\/pages\/22990005","targetHints":{"allow":["GET"]}}],"collection":[{"href":"https:\/\/unowebdesign.com\/es\/wp-json\/wp\/v2\/pages"}],"about":[{"href":"https:\/\/unowebdesign.com\/es\/wp-json\/wp\/v2\/types\/page"}],"author":[{"embeddable":true,"href":"https:\/\/unowebdesign.com\/es\/wp-json\/wp\/v2\/users\/1"}],"replies":[{"embeddable":true,"href":"https:\/\/unowebdesign.com\/es\/wp-json\/wp\/v2\/comments?post=22990005"}],"version-history":[{"count":1,"href":"https:\/\/unowebdesign.com\/es\/wp-json\/wp\/v2\/pages\/22990005\/revisions"}],"predecessor-version":[{"id":22990006,"href":"https:\/\/unowebdesign.com\/es\/wp-json\/wp\/v2\/pages\/22990005\/revisions\/22990006"}],"up":[{"embeddable":true,"href":"https:\/\/unowebdesign.com\/es\/wp-json\/wp\/v2\/pages\/22989999"}],"wp:attachment":[{"href":"https:\/\/unowebdesign.com\/es\/wp-json\/wp\/v2\/media?parent=22990005"}],"wp:term":[{"taxonomy":"folder","embeddable":true,"href":"https:\/\/unowebdesign.com\/es\/wp-json\/wp\/v2\/folder?post=22990005"}],"curies":[{"name":"wp","href":"https:\/\/api.w.org\/{rel}","templated":true}]}}