{"id":22989997,"date":"2025-06-30T17:10:15","date_gmt":"2025-06-30T23:10:15","guid":{"rendered":"https:\/\/unowebdesign.com\/seo-local\/"},"modified":"2025-07-08T16:14:02","modified_gmt":"2025-07-08T22:14:02","slug":"seo-local","status":"publish","type":"page","link":"https:\/\/unowebdesign.com\/es\/seo-local\/","title":{"rendered":"SEO local"},"content":{"rendered":"<div class=\"et_pb_section_0 et_pb_section et_section_regular et_flex_section\">\n<div class=\"et_pb_row_0 et_pb_row et_flex_row\">\n<div class=\"et_pb_column_0 et_pb_column et_flex_column et_pb_css_mix_blend_mode_passthrough et_flex_column_24_24 et_flex_column_24_24_tablet et_flex_column_24_24_phone\">\n<div class=\"et_pb_heading_0 et_pb_heading et_animated et_pb_module et_flex_module preset--module--divi-heading--3an6n7247h\"><div class=\"et_pb_heading_container\"><h1 class=\"et_pb_module_header\">Convi\u00e9rtete en la opci\u00f3n #1 en tu zona<\/h1><\/div><\/div>\n\n<div class=\"et_pb_heading_1 et_pb_heading et_pb_module et_flex_module preset--module--divi-heading--6bd9ix08vp\"><div class=\"et_pb_heading_container\"><h2 class=\"et_pb_module_header\">SEO Local (Google Maps)<\/h2><\/div><\/div>\n<\/div>\n\n<div class=\"et_pb_column_1 et_pb_column et-last-child et_flex_column et_pb_css_mix_blend_mode_passthrough et_flex_column_24_24 et_flex_column_24_24_tablet et_flex_column_24_24_phone\">\n<div class=\"et_pb_image_0 et_pb_image et_pb_module et_flex_module\"><span class=\"et_pb_image_wrap\"><img loading=\"lazy\" decoding=\"async\" src=\"https:\/\/unowebdesign.com\/wp-content\/uploads\/2024\/08\/google-maps-mobile.webp\" title=\"google-maps-mobile\" width=\"2280\" height=\"1516\" srcset=\"https:\/\/unowebdesign.com\/wp-content\/uploads\/2024\/08\/google-maps-mobile.webp 2280w, https:\/\/unowebdesign.com\/wp-content\/uploads\/2024\/08\/google-maps-mobile-1280x851.webp 1280w, https:\/\/unowebdesign.com\/wp-content\/uploads\/2024\/08\/google-maps-mobile-980x652.webp 980w, https:\/\/unowebdesign.com\/wp-content\/uploads\/2024\/08\/google-maps-mobile-480x319.webp 480w\" sizes=\"(min-width: 0px) and (max-width: 480px) 480px, (min-width: 481px) and (max-width: 980px) 980px, (min-width: 981px) and (max-width: 1280px) 1280px, (min-width: 1281px) 2280px, 100vw\" class=\"wp-image-256\" \/><\/span><\/div>\n<\/div>\n<\/div>\n<\/div>\n\n<div class=\"et_pb_section_1 et_pb_section et_section_regular et_flex_section\">\n<div class=\"et_pb_row_1 et_pb_row et_flex_row et_animated\">\n<div class=\"et_pb_column_2 et_pb_column et-last-child et_flex_column et_pb_css_mix_blend_mode_passthrough et_flex_column_24_24 et_flex_column_24_24_tablet et_flex_column_24_24_phone\">\n<div class=\"et_pb_group_0 et_pb_group et-last-child et_pb_module et_flex_group et_pb_css_mix_blend_mode_passthrough\">\n<div class=\"et_pb_row_2 et_pb_row et_pb_row_nested et_flex_row\">\n<div class=\"et_pb_column_3 et_pb_column et_flex_column et_pb_css_mix_blend_mode_passthrough et_flex_column_24_24 et_flex_column_24_24_tablet et_flex_column_24_24_phone\">\n<div class=\"et_pb_blurb_0 et_pb_blurb et_pb_bg_layout_light et_pb_blurb_position_top et_pb_module et_flex_module preset--module--divi-blurb--okxyksvwwn\"><div class=\"et_pb_blurb_content et_flex_module\"><div class=\"et_pb_main_blurb_image\"><span class=\"et_pb_image_wrap et_pb_only_image_mode_wrap\"><img loading=\"lazy\" decoding=\"async\" src=\"https:\/\/unowebdesign.com\/wp-content\/uploads\/2025\/06\/icons8-increase-100.png\" width=\"100\" height=\"100\" sizes=\"(max-width: 100px) 100vw, 100px\" class=\"et-waypoint et_pb_animation_top et_pb_animation_top_tablet et_pb_animation_top_phone wp-image-22989441\" \/><\/span><\/div><div class=\"et_pb_blurb_container\"><h3 class=\"et_pb_module_header\">El 88\u202f% de las b\u00fasquedas locales generan una acci\u00f3n en 24\u202fh.<\/h3><\/div><\/div><\/div>\n<\/div>\n\n<div class=\"et_pb_column_4 et_pb_column et_flex_column et_pb_css_mix_blend_mode_passthrough et_flex_column_24_24 et_flex_column_24_24_tablet et_flex_column_24_24_phone\">\n<div class=\"et_pb_blurb_1 et_pb_blurb et_pb_bg_layout_light et_pb_blurb_position_top et_pb_module et_flex_module preset--module--divi-blurb--okxyksvwwn\"><div class=\"et_pb_blurb_content et_flex_module\"><div class=\"et_pb_main_blurb_image\"><span class=\"et_pb_image_wrap et_pb_only_image_mode_wrap\"><img loading=\"lazy\" decoding=\"async\" src=\"https:\/\/unowebdesign.com\/wp-content\/uploads\/2025\/06\/icons8-website-100.png\" width=\"100\" height=\"100\" sizes=\"(max-width: 100px) 100vw, 100px\" class=\"et-waypoint et_pb_animation_top et_pb_animation_top_tablet et_pb_animation_top_phone wp-image-22989426\" \/><\/span><\/div><div class=\"et_pb_blurb_container\"><h3 class=\"et_pb_module_header\">1 de cada 2 b\u00fasquedas en Google es local.<\/h3><\/div><\/div><\/div>\n<\/div>\n\n<div class=\"et_pb_column_5 et_pb_column et-last-child et_flex_column et_pb_css_mix_blend_mode_passthrough et_flex_column_24_24 et_flex_column_24_24_tablet et_flex_column_24_24_phone\">\n<div class=\"et_pb_blurb_2 et_pb_blurb et_pb_bg_layout_light et_pb_blurb_position_top et_pb_module et_flex_module preset--module--divi-blurb--okxyksvwwn\"><div class=\"et_pb_blurb_content et_flex_module\"><div class=\"et_pb_main_blurb_image\"><span class=\"et_pb_image_wrap et_pb_only_image_mode_wrap\"><img loading=\"lazy\" decoding=\"async\" src=\"https:\/\/unowebdesign.com\/wp-content\/uploads\/2025\/06\/icons8-world-100.png\" width=\"100\" height=\"100\" sizes=\"(max-width: 100px) 100vw, 100px\" class=\"et-waypoint et_pb_animation_top et_pb_animation_top_tablet et_pb_animation_top_phone wp-image-22989429\" \/><\/span><\/div><div class=\"et_pb_blurb_container\"><h3 class=\"et_pb_module_header\">\u00bfNo est\u00e1s en el mapa? No existes para el cliente. <\/h3><\/div><\/div><\/div>\n<\/div>\n<\/div>\n\n<div class=\"et_pb_row_3 et_pb_row et_pb_row_nested et_flex_row\">\n<div class=\"et_pb_column_6 et_pb_column et-last-child et_flex_column et_pb_css_mix_blend_mode_passthrough et_flex_column_24_24 et_flex_column_24_24_tablet et_flex_column_24_24_phone\">\n<div class=\"et_pb_module et_pb_button_module_wrapper et_pb_button_0_wrapper preset--module--divi-button--cftu9pwgbt_wrapper\"><a class=\"et_pb_button_0 et_pb_button et_pb_bg_layout_light et_pb_module et_flex_module preset--module--divi-button--cftu9pwgbt\" href=\"#contact-section\">\u00a1Haz que te encuentren YA!<\/a><\/div>\n<\/div>\n<\/div>\n<\/div>\n<\/div>\n<\/div>\n<\/div>\n\n<div class=\"et_pb_section_2 et_pb_section et_section_regular et_flex_section\">\n<div class=\"et_pb_row_4 et_pb_row et_flex_row\">\n<div class=\"et_pb_column_7 et_pb_column et_flex_column et_pb_css_mix_blend_mode_passthrough et_flex_column_24_24 et_flex_column_24_24_tablet et_flex_column_24_24_phone\">\n<div class=\"et_pb_heading_2 et_pb_heading et_pb_module et_flex_module preset--module--divi-heading--default\"><div class=\"et_pb_heading_container\"><h3 class=\"et_pb_module_header\">\u00bfQu\u00e9 es el SEO Local?<\/h3><\/div><\/div>\n\n<div class=\"et_pb_heading_3 et_pb_heading et_pb_module et_flex_module preset--module--divi-heading--6bd9ix08vp\"><div class=\"et_pb_heading_container\"><h4 class=\"et_pb_module_header\">Exposici\u00f3n M\u00e1xima<\/h4><\/div><\/div>\n\n<div class=\"et_pb_text_0 et_pb_text et_pb_bg_layout_light et_pb_module et_flex_module\"><div class=\"et_pb_text_inner\"><p>El SEO local es c\u00f3mo <strong data-start=\"679\" data-end=\"703\">logramos que las personas cercanas encuentren tu negocio<\/strong> justo cuando buscan lo que ofreces.<br data-start=\"754\" data-end=\"757\">Es visibilidad con intenci\u00f3n. Dominio en Google Maps. M\u00e1s llamadas, m\u00e1s visitas, m\u00e1s ingresos.  <\/p>\n<\/div><\/div>\n<\/div>\n\n<div class=\"et_pb_column_8 et_pb_column et-last-child et_flex_column et_pb_css_mix_blend_mode_passthrough et_flex_column_24_24 et_flex_column_24_24_tablet et_flex_column_24_24_phone\">\n<div class=\"et_pb_heading_4 et_pb_heading et_pb_module et_flex_module preset--module--divi-heading--default\"><div class=\"et_pb_heading_container\"><h3 class=\"et_pb_module_header\">\u00bfPor qu\u00e9 importa?<\/h3><\/div><\/div>\n\n<div class=\"et_pb_heading_5 et_pb_heading et_pb_module et_flex_module preset--module--divi-heading--6bd9ix08vp\"><div class=\"et_pb_heading_container\"><h4 class=\"et_pb_module_header\">Exposici\u00f3n M\u00e1xima<\/h4><\/div><\/div>\n\n<div class=\"et_pb_text_1 et_pb_text et_pb_bg_layout_light et_pb_module et_flex_module\"><div class=\"et_pb_text_inner\"><p data-start=\"891\" data-end=\"1064\">Tus competidores ya est\u00e1n ah\u00ed fuera. Algunos est\u00e1n en los primeros lugares. Otros se est\u00e1n llevando todos los clientes.<br data-start=\"977\" data-end=\"980\">Nosotros <strong data-start=\"993\" data-end=\"1013\">hacemos que t\u00fa los superes<\/strong>, <strong data-start=\"1015\" data-end=\"1030\">te veas mejor<\/strong> y <strong data-start=\"1036\" data-end=\"1050\">te elijan a ti<\/strong> \u2014 siempre. <\/p>\n<\/div><\/div>\n<\/div>\n<\/div>\n<\/div>\n\n<div class=\"et_pb_section_3 et_pb_section et_section_regular et_flex_section\" id=\"contact-section\">\r\n<div class=\"et_pb_row_5 et_pb_row et_flex_row\">\r\n<div class=\"et_pb_column_9 et_pb_column et_flex_column et_pb_column_empty et_pb_css_mix_blend_mode_passthrough et_flex_column_24_24 et_flex_column_24_24_tablet et_flex_column_24_24_phone\"><\/div>\r\n\r\n<div class=\"et_pb_column_10 et_pb_column et-last-child et_flex_column et_pb_css_mix_blend_mode_passthrough et_flex_column_24_24 et_flex_column_24_24_tablet et_flex_column_24_24_phone\">\r\n<div class=\"et_pb_contact_form_0 et_pb_contact_form_container clearfix et_animated et_pb_module et_flex_module preset--module--divi-contact-form--default\" data-form_unique_num=\"0\" data-form_unique_id=\"7067d836e5cc6b8d0df5f1ee01accc26\" id=\"et_pb_contact_form_7067d836e5cc6b8d0df5f1ee01accc26\"><h3 class=\"et_pb_contact_main_title\">Book a FREE Consultation Session<\/h3><div class=\"et-pb-contact-message\"><\/div><div class=\"et_pb_contact\"><form class=\"et_pb_contact_form et_flex_module\" method=\"post\" action=\"https:\/\/unowebdesign.com\/es\/wp-json\/wp\/v2\/pages\/22989997\">\r\n<div class=\"et_pb_contact_field_0 et_pb_contact_field et_pb_module et_flex_module et_flex_column_24_24 et_flex_column_24_24_tablet et_flex_column_24_24_phone\" data-id=\"name\" data-type=\"input\"><label class=\"et_pb_contact_form_label\">Name<\/label><input type=\"text\" name=\"et_pb_contact_0_name_0\" id=\"et_pb_contact_0_name_0\" class=\"input\" data-required_mark=\"required\" data-field_type=\"input\" data-original_id=\"name\" placeholder=\"Name\" title=\"\" value=\"\" \/><\/div>\r\n\r\n<div class=\"et_pb_contact_field_1 et_pb_contact_field et_pb_module et_flex_module et_flex_column_24_24 et_flex_column_24_24_tablet et_flex_column_24_24_phone\" data-id=\"email\" data-type=\"email\"><label class=\"et_pb_contact_form_label\">Email Address<\/label><input type=\"text\" name=\"et_pb_contact_0_email_1\" id=\"et_pb_contact_0_email_1\" class=\"input\" data-required_mark=\"required\" data-field_type=\"email\" data-original_id=\"email\" placeholder=\"Email Address\" title=\"\" value=\"\" \/><\/div>\r\n\r\n<div class=\"et_pb_contact_field_2 et_pb_contact_field et_pb_module et_flex_module et_flex_column_24_24 et_flex_column_24_24_tablet et_flex_column_24_24_phone\" data-id=\"message\" data-type=\"text\"><label class=\"et_pb_contact_form_label\">Message<\/label><textarea name=\"et_pb_contact_0_message_2\" id=\"et_pb_contact_0_message_2\" class=\"et_pb_contact_message input\" data-required_mark=\"required\" data-field_type=\"text\" data-original_id=\"message\" placeholder=\"Message\"><\/textarea><\/div>\r\n<input type=\"hidden\" name=\"et_pb_contactform_submit_7067d836e5cc6b8d0df5f1ee01accc26\" value=\"et_contact_proccess\" \/><div class=\"et_contact_bottom_container\"><div class=\"et_pb_button_wrapper\"><button type=\"submit\" name=\"et_builder_submit_button\" class=\"et_pb_button et_pb_contact_submit\">Start your strategy now!<\/button><\/div><\/div><input type=\"hidden\" id=\"_wpnonce-et-pb-contact-form-submitted-7067d836e5cc6b8d0df5f1ee01accc26\" name=\"_wpnonce-et-pb-contact-form-submitted-7067d836e5cc6b8d0df5f1ee01accc26\" value=\"b0327607c9\" \/><input type=\"hidden\" name=\"_wp_http_referer\" value=\"\/es\/wp-json\/wp\/v2\/pages\/22989997\" \/><\/form><\/div><\/div>\r\n<\/div>\r\n<\/div>\r\n<\/div>\n\n<div class=\"et_pb_section_4 et_pb_section et_section_regular et_flex_section\">\n<div class=\"et_pb_row_6 et_pb_row et_flex_row\">\n<div class=\"et_pb_column_11 et_pb_column et-last-child et_flex_column et_pb_css_mix_blend_mode_passthrough et_flex_column_24_24 et_flex_column_24_24_tablet et_flex_column_24_24_phone\">\n<div class=\"et_pb_blurb_3 et_pb_blurb et_pb_bg_layout_light et_pb_blurb_position_left et_animated et_pb_module et_flex_module preset--module--divi-blurb--r5087l27hm\"><div class=\"et_pb_blurb_content et_flex_module\"><div class=\"et_pb_main_blurb_image\"><span class=\"et_pb_image_wrap et_pb_only_image_mode_wrap\"><img loading=\"lazy\" decoding=\"async\" src=\"https:\/\/unowebdesign.com\/wp-content\/uploads\/2025\/06\/icons8-increase-100.png\" width=\"100\" height=\"100\" sizes=\"(max-width: 100px) 100vw, 100px\" class=\"et-waypoint et_pb_animation_top et_pb_animation_top_tablet et_pb_animation_top_phone wp-image-22989441\" \/><\/span><\/div><div class=\"et_pb_blurb_container\"><h3 class=\"et_pb_module_header\">Optimizaci\u00f3n en Google Maps<\/h3><div class=\"et_pb_blurb_description\"><p>Tomamos el control total de tu perfil de Google Business: fotos, descripciones, categor\u00edas, rese\u00f1as y publicaciones. <strong data-start=\"1259\" data-end=\"1293\">Todo optimizado para llevarte a la cima del mapa<\/strong>.<\/p>\n<\/div><\/div><\/div><\/div>\n\n<div class=\"et_pb_blurb_4 et_pb_blurb et_pb_bg_layout_light et_pb_blurb_position_left et_animated et_pb_module et_flex_module preset--module--divi-blurb--r5087l27hm\"><div class=\"et_pb_blurb_content et_flex_module\"><div class=\"et_pb_main_blurb_image\"><span class=\"et_pb_image_wrap et_pb_only_image_mode_wrap\"><img loading=\"lazy\" decoding=\"async\" src=\"https:\/\/unowebdesign.com\/wp-content\/uploads\/2025\/06\/icons8-increase-100.png\" width=\"100\" height=\"100\" sizes=\"(max-width: 100px) 100vw, 100px\" class=\"et-waypoint et_pb_animation_top et_pb_animation_top_tablet et_pb_animation_top_phone wp-image-22989441\" \/><\/span><\/div><div class=\"et_pb_blurb_container\"><h3 class=\"et_pb_module_header\">Consistencia en la Web<\/h3><div class=\"et_pb_blurb_description\"><p>Corregimos y sincronizamos tu informaci\u00f3n en los<strong data-start=\"1377\" data-end=\"1402\"> directorios m\u00e1s importantes<\/strong>: Yelp, Apple Maps, Bing, Facebook y m\u00e1s. Google conf\u00eda m\u00e1s en ti, y te posiciona m\u00e1s alto.<\/p>\n<\/div><\/div><\/div><\/div>\n\n<div class=\"et_pb_blurb_5 et_pb_blurb et_pb_bg_layout_light et_pb_blurb_position_left et_animated et_pb_module et_flex_module preset--module--divi-blurb--r5087l27hm\"><div class=\"et_pb_blurb_content et_flex_module\"><div class=\"et_pb_main_blurb_image\"><span class=\"et_pb_image_wrap et_pb_only_image_mode_wrap\"><img loading=\"lazy\" decoding=\"async\" src=\"https:\/\/unowebdesign.com\/wp-content\/uploads\/2025\/06\/icons8-increase-100.png\" width=\"100\" height=\"100\" sizes=\"(max-width: 100px) 100vw, 100px\" class=\"et-waypoint et_pb_animation_top et_pb_animation_top_tablet et_pb_animation_top_phone wp-image-22989441\" \/><\/span><\/div><div class=\"et_pb_blurb_container\"><h3 class=\"et_pb_module_header\">Estrategia de Rese\u00f1as Locales<\/h3><div class=\"et_pb_blurb_description\"><p>Te ayudamos a <strong data-start=\"1531\" data-end=\"1558\">obtener m\u00e1s rese\u00f1as 5 estrellas<\/strong>, responder de forma profesional y convertir clientes felices en tu mejor herramienta de ventas.<\/p>\n<\/div><\/div><\/div><\/div>\n\n<div class=\"et_pb_blurb_6 et_pb_blurb et_pb_bg_layout_light et_pb_blurb_position_left et_animated et_pb_module et_flex_module preset--module--divi-blurb--r5087l27hm\"><div class=\"et_pb_blurb_content et_flex_module\"><div class=\"et_pb_main_blurb_image\"><span class=\"et_pb_image_wrap et_pb_only_image_mode_wrap\"><img loading=\"lazy\" decoding=\"async\" src=\"https:\/\/unowebdesign.com\/wp-content\/uploads\/2025\/06\/icons8-increase-100.png\" width=\"100\" height=\"100\" sizes=\"(max-width: 100px) 100vw, 100px\" class=\"et-waypoint et_pb_animation_top et_pb_animation_top_tablet et_pb_animation_top_phone wp-image-22989441\" \/><\/span><\/div><div class=\"et_pb_blurb_container\"><h3 class=\"et_pb_module_header\">Contenido Localizado<\/h3><div class=\"et_pb_blurb_description\"><p>Creamos contenido SEO que habla directamente a tu audiencia local: <strong data-start=\"1748\" data-end=\"1771\">c\u00f3mo buscan<\/strong>, qu\u00e9 necesitan, <strong data-start=\"1776\" data-end=\"1801\">qu\u00e9 les importa<\/strong>.<\/p>\n<\/div><\/div><\/div><\/div>\n\n<div class=\"et_pb_blurb_7 et_pb_blurb et_pb_bg_layout_light et_pb_blurb_position_left et_animated et_pb_module et_flex_module preset--module--divi-blurb--r5087l27hm\"><div class=\"et_pb_blurb_content et_flex_module\"><div class=\"et_pb_main_blurb_image\"><span class=\"et_pb_image_wrap et_pb_only_image_mode_wrap\"><img loading=\"lazy\" decoding=\"async\" src=\"https:\/\/unowebdesign.com\/wp-content\/uploads\/2025\/06\/icons8-increase-100.png\" width=\"100\" height=\"100\" sizes=\"(max-width: 100px) 100vw, 100px\" class=\"et-waypoint et_pb_animation_top et_pb_animation_top_tablet et_pb_animation_top_phone wp-image-22989441\" \/><\/span><\/div><div class=\"et_pb_blurb_container\"><h3 class=\"et_pb_module_header\">Optimizaci\u00f3n para M\u00f3vil y Velocidad<\/h3><div class=\"et_pb_blurb_description\"><p>La mayor\u00eda de las b\u00fasquedas locales se hacen desde el m\u00f3vil. Hacemos que tu sitio cargue r\u00e1pido y se vea perfecto \u2014 para que no pierdas clientes por una web lenta o poco atractiva. <\/p>\n<\/div><\/div><\/div><\/div>\n<\/div>\n<\/div>\n<\/div>\n\n<div class=\"et_pb_section_5 et_pb_section et_section_regular et_flex_section\">\n<div class=\"et_pb_row_7 et_pb_row et_flex_row glass-bg\">\n<div class=\"et_pb_column_12 et_pb_column et-last-child et_flex_column et_pb_css_mix_blend_mode_passthrough et_flex_column_24_24 et_flex_column_24_24_tablet et_flex_column_24_24_phone\">\n<div class=\"et_pb_heading_6 et_pb_heading et_pb_module et_flex_module preset--module--divi-heading--3an6n7247h\"><div class=\"et_pb_heading_container\"><h3 class=\"et_pb_module_header\">\u00bfListo para que te encuentren?<\/h3><\/div><\/div>\n\n<div class=\"et_pb_heading_7 et_pb_heading et_pb_module et_flex_module preset--module--divi-heading--default\"><div class=\"et_pb_heading_container\"><h4 class=\"et_pb_module_header\">Asegur\u00e9monos de que seas el negocio que la gente ve primero \u2014 y en quien m\u00e1s conf\u00eda.<\/h4><\/div><\/div>\n\n<div class=\"et_pb_module et_pb_button_module_wrapper et_pb_button_1_wrapper preset--module--divi-button--82l3npo0hs_wrapper\"><a class=\"et_pb_button_1 et_pb_button et_pb_bg_layout_light et_pb_module et_flex_module preset--module--divi-button--82l3npo0hs\" href=\"#contact-section\">\u00a1Cont\u00e1ctanos hoy mismo!<\/a><\/div>\n<\/div>\n<\/div>\n<\/div>","protected":false},"excerpt":{"rendered":"","protected":false},"author":1,"featured_media":0,"parent":22989999,"menu_order":0,"comment_status":"closed","ping_status":"closed","template":"","meta":{"_acf_changed":false,"footnotes":""},"folder":[31],"class_list":["post-22989997","page","type-page","status-publish","hentry"],"acf":[],"_links":{"self":[{"href":"https:\/\/unowebdesign.com\/es\/wp-json\/wp\/v2\/pages\/22989997","targetHints":{"allow":["GET"]}}],"collection":[{"href":"https:\/\/unowebdesign.com\/es\/wp-json\/wp\/v2\/pages"}],"about":[{"href":"https:\/\/unowebdesign.com\/es\/wp-json\/wp\/v2\/types\/page"}],"author":[{"embeddable":true,"href":"https:\/\/unowebdesign.com\/es\/wp-json\/wp\/v2\/users\/1"}],"replies":[{"embeddable":true,"href":"https:\/\/unowebdesign.com\/es\/wp-json\/wp\/v2\/comments?post=22989997"}],"version-history":[{"count":1,"href":"https:\/\/unowebdesign.com\/es\/wp-json\/wp\/v2\/pages\/22989997\/revisions"}],"predecessor-version":[{"id":22989998,"href":"https:\/\/unowebdesign.com\/es\/wp-json\/wp\/v2\/pages\/22989997\/revisions\/22989998"}],"up":[{"embeddable":true,"href":"https:\/\/unowebdesign.com\/es\/wp-json\/wp\/v2\/pages\/22989999"}],"wp:attachment":[{"href":"https:\/\/unowebdesign.com\/es\/wp-json\/wp\/v2\/media?parent=22989997"}],"wp:term":[{"taxonomy":"folder","embeddable":true,"href":"https:\/\/unowebdesign.com\/es\/wp-json\/wp\/v2\/folder?post=22989997"}],"curies":[{"name":"wp","href":"https:\/\/api.w.org\/{rel}","templated":true}]}}