{"id":22989995,"date":"2025-07-03T14:50:11","date_gmt":"2025-07-03T20:50:11","guid":{"rendered":"https:\/\/unowebdesign.com\/creacion-contenido\/"},"modified":"2025-07-08T16:14:03","modified_gmt":"2025-07-08T22:14:03","slug":"creacion-contenido","status":"publish","type":"page","link":"https:\/\/unowebdesign.com\/es\/creacion-contenido\/","title":{"rendered":"Creaci\u00f3n de contenido"},"content":{"rendered":"<div class=\"et_pb_section_0 et_pb_section et_section_regular et_flex_section\">\n<div class=\"et_pb_row_0 et_pb_row et_flex_row\">\n<div class=\"et_pb_column_0 et_pb_column et_flex_column et_pb_css_mix_blend_mode_passthrough et_flex_column_24_24 et_flex_column_24_24_tablet et_flex_column_24_24_phone\">\n<div class=\"et_pb_heading_0 et_pb_heading et_animated et_pb_module et_flex_module preset--module--divi-heading--3an6n7247h\"><div class=\"et_pb_heading_container\"><h1 class=\"et_pb_module_header\">Palabras que Convierten: Redacci\u00f3n Estrat\u00e9gica con Inteligencia Artificial<\/h1><\/div><\/div>\n\n<div class=\"et_pb_heading_1 et_pb_heading et_pb_module et_flex_module preset--module--divi-heading--6bd9ix08vp\"><div class=\"et_pb_heading_container\"><h2 class=\"et_pb_module_header\">Creaci\u00f3n de contenido<\/h2><\/div><\/div>\n<\/div>\n\n<div class=\"et_pb_column_1 et_pb_column et-last-child et_flex_column et_pb_css_mix_blend_mode_passthrough et_flex_column_24_24 et_flex_column_24_24_tablet et_flex_column_24_24_phone\">\n<div class=\"et_pb_image_0 et_pb_image et_pb_module et_flex_module\"><span class=\"et_pb_image_wrap\"><img loading=\"lazy\" decoding=\"async\" src=\"https:\/\/unowebdesign.com\/wp-content\/uploads\/2024\/09\/copywriting.webp\" title=\"google-maps-mobile\" width=\"2280\" height=\"1516\" sizes=\"(min-width: 0px) and (max-width: 480px) 480px, (min-width: 481px) and (max-width: 980px) 980px, (min-width: 981px) and (max-width: 1280px) 1280px, (min-width: 1281px) 2280px, 100vw\" class=\"wp-image-256\" \/><\/span><\/div>\n<\/div>\n<\/div>\n<\/div>\n\n<div class=\"et_pb_section_1 et_pb_section et_section_regular et_flex_section\">\n<div class=\"et_pb_row_1 et_pb_row et_flex_row et_animated\">\n<div class=\"et_pb_column_2 et_pb_column et-last-child et_flex_column et_pb_css_mix_blend_mode_passthrough et_flex_column_24_24 et_flex_column_24_24_tablet et_flex_column_24_24_phone\">\n<div class=\"et_pb_group_0 et_pb_group et-last-child et_pb_module et_flex_group et_pb_css_mix_blend_mode_passthrough\">\n<div class=\"et_pb_row_2 et_pb_row et_pb_row_nested et_flex_row\">\n<div class=\"et_pb_column_3 et_pb_column et_flex_column et_pb_css_mix_blend_mode_passthrough et_flex_column_24_24 et_flex_column_24_24_tablet et_flex_column_24_24_phone\">\n<div class=\"et_pb_blurb_0 et_pb_blurb et_pb_bg_layout_light et_pb_blurb_position_top et_pb_module et_flex_module preset--module--divi-blurb--okxyksvwwn\"><div class=\"et_pb_blurb_content et_flex_module\"><div class=\"et_pb_main_blurb_image\"><span class=\"et_pb_image_wrap et_pb_only_image_mode_wrap\"><img loading=\"lazy\" decoding=\"async\" src=\"https:\/\/unowebdesign.com\/wp-content\/uploads\/2025\/06\/icons8-increase-100.png\" width=\"100\" height=\"100\" sizes=\"(max-width: 100px) 100vw, 100px\" class=\"et-waypoint et_pb_animation_top et_pb_animation_top_tablet et_pb_animation_top_phone wp-image-22989441\" \/><\/span><\/div><div class=\"et_pb_blurb_container\"><h3 class=\"et_pb_module_header\">8 de cada 10 personas leen el titular, pero solo 2 leen el resto.<\/h3><\/div><\/div><\/div>\n<\/div>\n\n<div class=\"et_pb_column_4 et_pb_column et_flex_column et_pb_css_mix_blend_mode_passthrough et_flex_column_24_24 et_flex_column_24_24_tablet et_flex_column_24_24_phone\">\n<div class=\"et_pb_blurb_1 et_pb_blurb et_pb_bg_layout_light et_pb_blurb_position_top et_pb_module et_flex_module preset--module--divi-blurb--okxyksvwwn\"><div class=\"et_pb_blurb_content et_flex_module\"><div class=\"et_pb_main_blurb_image\"><span class=\"et_pb_image_wrap et_pb_only_image_mode_wrap\"><img loading=\"lazy\" decoding=\"async\" src=\"https:\/\/unowebdesign.com\/wp-content\/uploads\/2025\/06\/icons8-website-100.png\" width=\"100\" height=\"100\" sizes=\"(max-width: 100px) 100vw, 100px\" class=\"et-waypoint et_pb_animation_top et_pb_animation_top_tablet et_pb_animation_top_phone wp-image-22989426\" \/><\/span><\/div><div class=\"et_pb_blurb_container\"><h3 class=\"et_pb_module_header\">El usuario promedio pasa solo 54 segundos en tu p\u00e1gina.<\/h3><\/div><\/div><\/div>\n<\/div>\n\n<div class=\"et_pb_column_5 et_pb_column et-last-child et_flex_column et_pb_css_mix_blend_mode_passthrough et_flex_column_24_24 et_flex_column_24_24_tablet et_flex_column_24_24_phone\">\n<div class=\"et_pb_blurb_2 et_pb_blurb et_pb_bg_layout_light et_pb_blurb_position_top et_pb_module et_flex_module preset--module--divi-blurb--okxyksvwwn\"><div class=\"et_pb_blurb_content et_flex_module\"><div class=\"et_pb_main_blurb_image\"><span class=\"et_pb_image_wrap et_pb_only_image_mode_wrap\"><img loading=\"lazy\" decoding=\"async\" src=\"https:\/\/unowebdesign.com\/wp-content\/uploads\/2025\/06\/icons8-world-100.png\" width=\"100\" height=\"100\" sizes=\"(max-width: 100px) 100vw, 100px\" class=\"et-waypoint et_pb_animation_top et_pb_animation_top_tablet et_pb_animation_top_phone wp-image-22989429\" \/><\/span><\/div><div class=\"et_pb_blurb_container\"><h3 class=\"et_pb_module_header\">Un buen texto convierte curiosos en clientes \u2014 y el silencio en ventas.<\/h3><\/div><\/div><\/div>\n<\/div>\n<\/div>\n\n<div class=\"et_pb_row_3 et_pb_row et_pb_row_nested et_flex_row\">\n<div class=\"et_pb_column_6 et_pb_column et-last-child et_flex_column et_pb_css_mix_blend_mode_passthrough et_flex_column_24_24 et_flex_column_24_24_tablet et_flex_column_24_24_phone\">\n<div class=\"et_pb_module et_pb_button_module_wrapper et_pb_button_0_wrapper preset--module--divi-button--cftu9pwgbt_wrapper\"><a class=\"et_pb_button_0 et_pb_button et_pb_bg_layout_light et_pb_module et_flex_module preset--module--divi-button--cftu9pwgbt\" href=\"#contact-section\">Potencia mi contenido ahora<\/a><\/div>\n<\/div>\n<\/div>\n<\/div>\n<\/div>\n<\/div>\n<\/div>\n\n<div class=\"et_pb_section_2 et_pb_section et_section_regular et_flex_section\">\n<div class=\"et_pb_row_4 et_pb_row et_flex_row\">\n<div class=\"et_pb_column_7 et_pb_column et-last-child et_flex_column et_pb_css_mix_blend_mode_passthrough et_flex_column_24_24 et_flex_column_24_24_tablet et_flex_column_24_24_phone\">\n<div class=\"et_pb_heading_2 et_pb_heading et_pb_module et_flex_module preset--module--divi-heading--default\"><div class=\"et_pb_heading_container\"><h2 class=\"et_pb_module_header\">Da voz a tu marca con precisi\u00f3n y velocidad<\/h2><\/div><\/div>\n\n<div class=\"et_pb_heading_3 et_pb_heading et_pb_module et_flex_module preset--module--divi-heading--6bd9ix08vp\"><div class=\"et_pb_heading_container\"><h4 class=\"et_pb_module_header\">Contenido que habla, convierte y hace crecer tu negocio.<\/h4><\/div><\/div>\n\n<div class=\"et_pb_text_0 et_pb_text et_pb_bg_layout_light et_pb_module et_flex_module\"><div class=\"et_pb_text_inner\"><p data-start=\"424\" data-end=\"708\">El contenido est\u00e1 en todas partes. Pero el <em data-start=\"510\" data-end=\"529\">contenido que realmente convierte<\/em>... ese es raro.<br data-start=\"551\" data-end=\"554\">Nuestro servicio de Copywriting combina creatividad humana, dominio del tono de marca y flujos de trabajo potenciados por IA para crear contenido r\u00e1pido, efectivo y aut\u00e9ntico.  <\/p>\n<p data-start=\"710\" data-end=\"801\">No solo \u201cle pedimos a ChatGPT que escriba un art\u00edculo\u201d. <strong data-start=\"773\" data-end=\"798\">Creamos tu propio sistema de contenido<\/strong>: <\/p>\n<ul data-start=\"802\" data-end=\"989\">\n<li data-start=\"802\" data-end=\"869\">\n<p data-start=\"804\" data-end=\"869\">Tono, estilo, estructura y voz \u2014 personalizados para tu marca<\/p>\n<\/li>\n<li data-start=\"870\" data-end=\"925\">\n<p data-start=\"872\" data-end=\"925\">Prompts inteligentes + edici\u00f3n estrat\u00e9gica = ejecuci\u00f3n 10 veces m\u00e1s r\u00e1pida<\/p>\n<\/li>\n<li data-start=\"926\" data-end=\"989\">\n<p data-start=\"928\" data-end=\"989\">SEO optimizado, enfocado en CTA, y completamente alineado con tus objetivos<\/p>\n<\/li>\n<\/ul>\n<p data-start=\"991\" data-end=\"1071\">Obtienes el rendimiento de un equipo completo de contenido \u2014 sin el costo de tener uno.<\/p>\n<\/div><\/div>\n\n<div class=\"et_pb_heading_4 et_pb_heading et_pb_module et_flex_module preset--module--divi-heading--default\"><div class=\"et_pb_heading_container\"><h3 class=\"et_pb_module_header\">Copywriting que Convierte \u2014 en Todos los Canales<\/h3><\/div><\/div>\n\n<div class=\"et_pb_heading_5 et_pb_heading et_pb_module et_flex_module preset--module--divi-heading--6bd9ix08vp\"><div class=\"et_pb_heading_container\"><h4 class=\"et_pb_module_header\">De las palabras a los resultados <\/h4><\/div><\/div>\n\n<div class=\"et_pb_text_1 et_pb_text et_pb_bg_layout_light et_pb_module et_flex_module\"><div class=\"et_pb_text_inner\"><p data-start=\"1078\" data-end=\"1245\">\ud83d\udda5\ufe0f <strong data-start=\"1137\" data-end=\"1149\">Texto Web<\/strong><br data-start=\"1149\" data-end=\"1152\">P\u00e1ginas claras y persuasivas que gu\u00edan al visitante y lo llevan a actuar.<\/p>\n<p data-start=\"1247\" data-end=\"1361\">\ud83d\udcdd <strong data-start=\"1250\" data-end=\"1270\">Blogs y Art\u00edculos<\/strong><br data-start=\"1270\" data-end=\"1273\">Con palabras clave, valor real y listos para posicionarse. Desde la investigaci\u00f3n hasta la entrega final. <\/p>\n<p data-start=\"1363\" data-end=\"1465\">\ud83d\udce7 <strong data-start=\"1366\" data-end=\"1385\">Secuencias de Email<\/strong><br data-start=\"1385\" data-end=\"1388\">Flujos de bienvenida, correos de seguimiento y lanzamientos de productos \u2014 hechos para obtener clics.<\/p>\n<p data-start=\"1467\" data-end=\"1600\">\ud83d\udcf1 <strong data-start=\"1470\" data-end=\"1495\">Redes Sociales<\/strong><br data-start=\"1495\" data-end=\"1498\">Textos que detienen el scroll y generan interacci\u00f3n, adaptados a tu tono en Instagram, LinkedIn y Facebook.<\/p>\n<p data-start=\"1602\" data-end=\"1706\">\ud83d\uded2 <strong data-start=\"1605\" data-end=\"1629\">Descripciones de Productos<\/strong><br data-start=\"1629\" data-end=\"1632\">Textos emotivos y enfocados en beneficios que hacen irresistible hacer clic en \u201cA\u00f1adir al carrito\u201d.<\/p>\n<\/div><\/div>\n<\/div>\n<\/div>\n<\/div>\n\n<div class=\"et_pb_section_3 et_pb_section et_section_regular et_flex_section\" id=\"contact-section\">\r\n<div class=\"et_pb_row_5 et_pb_row et_flex_row\">\r\n<div class=\"et_pb_column_8 et_pb_column et_flex_column et_pb_column_empty et_pb_css_mix_blend_mode_passthrough et_flex_column_24_24 et_flex_column_24_24_tablet et_flex_column_24_24_phone\"><\/div>\r\n\r\n<div class=\"et_pb_column_9 et_pb_column et-last-child et_flex_column et_pb_css_mix_blend_mode_passthrough et_flex_column_24_24 et_flex_column_24_24_tablet et_flex_column_24_24_phone\">\r\n<div class=\"et_pb_contact_form_0 et_pb_contact_form_container clearfix et_animated et_pb_module et_flex_module preset--module--divi-contact-form--default\" data-form_unique_num=\"0\" data-form_unique_id=\"7067d836e5cc6b8d0df5f1ee01accc26\" id=\"et_pb_contact_form_7067d836e5cc6b8d0df5f1ee01accc26\"><h3 class=\"et_pb_contact_main_title\">Book a FREE Consultation Session<\/h3><div class=\"et-pb-contact-message\"><\/div><div class=\"et_pb_contact\"><form class=\"et_pb_contact_form et_flex_module\" method=\"post\" action=\"https:\/\/unowebdesign.com\/es\/wp-json\/wp\/v2\/pages\/22989995\">\r\n<div class=\"et_pb_contact_field_0 et_pb_contact_field et_pb_module et_flex_module et_flex_column_24_24 et_flex_column_24_24_tablet et_flex_column_24_24_phone\" data-id=\"name\" data-type=\"input\"><label class=\"et_pb_contact_form_label\">Name<\/label><input type=\"text\" name=\"et_pb_contact_0_name_0\" id=\"et_pb_contact_0_name_0\" class=\"input\" data-required_mark=\"required\" data-field_type=\"input\" data-original_id=\"name\" placeholder=\"Name\" title=\"\" value=\"\" \/><\/div>\r\n\r\n<div class=\"et_pb_contact_field_1 et_pb_contact_field et_pb_module et_flex_module et_flex_column_24_24 et_flex_column_24_24_tablet et_flex_column_24_24_phone\" data-id=\"email\" data-type=\"email\"><label class=\"et_pb_contact_form_label\">Email Address<\/label><input type=\"text\" name=\"et_pb_contact_0_email_1\" id=\"et_pb_contact_0_email_1\" class=\"input\" data-required_mark=\"required\" data-field_type=\"email\" data-original_id=\"email\" placeholder=\"Email Address\" title=\"\" value=\"\" \/><\/div>\r\n\r\n<div class=\"et_pb_contact_field_2 et_pb_contact_field et_pb_module et_flex_module et_flex_column_24_24 et_flex_column_24_24_tablet et_flex_column_24_24_phone\" data-id=\"message\" data-type=\"text\"><label class=\"et_pb_contact_form_label\">Message<\/label><textarea name=\"et_pb_contact_0_message_2\" id=\"et_pb_contact_0_message_2\" class=\"et_pb_contact_message input\" data-required_mark=\"required\" data-field_type=\"text\" data-original_id=\"message\" placeholder=\"Message\"><\/textarea><\/div>\r\n<input type=\"hidden\" name=\"et_pb_contactform_submit_7067d836e5cc6b8d0df5f1ee01accc26\" value=\"et_contact_proccess\" \/><div class=\"et_contact_bottom_container\"><div class=\"et_pb_button_wrapper\"><button type=\"submit\" name=\"et_builder_submit_button\" class=\"et_pb_button et_pb_contact_submit\">Start your strategy now!<\/button><\/div><\/div><input type=\"hidden\" id=\"_wpnonce-et-pb-contact-form-submitted-7067d836e5cc6b8d0df5f1ee01accc26\" name=\"_wpnonce-et-pb-contact-form-submitted-7067d836e5cc6b8d0df5f1ee01accc26\" value=\"59b1aada34\" \/><input type=\"hidden\" name=\"_wp_http_referer\" value=\"\/es\/wp-json\/wp\/v2\/pages\/22989995\" \/><\/form><\/div><\/div>\r\n<\/div>\r\n<\/div>\r\n<\/div>\n\n<div class=\"et_pb_section_4 et_pb_section et_section_regular et_flex_section\">\n<div class=\"et_pb_row_6 et_pb_row et_flex_row\">\n<div class=\"et_pb_column_10 et_pb_column et-last-child et_flex_column et_pb_css_mix_blend_mode_passthrough et_flex_column_24_24 et_flex_column_24_24_tablet et_flex_column_24_24_phone\">\n<div class=\"et_pb_heading_6 et_pb_heading et_pb_module et_flex_module preset--module--divi-heading--default\"><div class=\"et_pb_heading_container\"><h3 class=\"et_pb_module_header\">Nuestro Proceso de Copywriting<\/h3><\/div><\/div>\n\n<div class=\"et_pb_blurb_3 et_pb_blurb et_pb_bg_layout_light et_pb_blurb_position_left et_animated et_pb_module et_flex_module preset--module--divi-blurb--r5087l27hm\"><div class=\"et_pb_blurb_content et_flex_module\"><div class=\"et_pb_main_blurb_image\"><span class=\"et_pb_image_wrap et_pb_only_image_mode_wrap\"><img loading=\"lazy\" decoding=\"async\" src=\"https:\/\/unowebdesign.com\/wp-content\/uploads\/2025\/06\/icons8-increase-100.png\" width=\"100\" height=\"100\" sizes=\"(max-width: 100px) 100vw, 100px\" class=\"et-waypoint et_pb_animation_top et_pb_animation_top_tablet et_pb_animation_top_phone wp-image-22989441\" \/><\/span><\/div><div class=\"et_pb_blurb_container\"><h3 class=\"et_pb_module_header\">Paso 1 \u2014 Descubrimiento de Marca y Definici\u00f3n de Voz<\/h3><div class=\"et_pb_blurb_description\"><p>Conocemos tu negocio, tu tono y tus objetivos \u2014 y creamos una gu\u00eda de estilo para tu contenido.<\/p>\n<\/div><\/div><\/div><\/div>\n\n<div class=\"et_pb_blurb_4 et_pb_blurb et_pb_bg_layout_light et_pb_blurb_position_left et_animated et_pb_module et_flex_module preset--module--divi-blurb--r5087l27hm\"><div class=\"et_pb_blurb_content et_flex_module\"><div class=\"et_pb_main_blurb_image\"><span class=\"et_pb_image_wrap et_pb_only_image_mode_wrap\"><img loading=\"lazy\" decoding=\"async\" src=\"https:\/\/unowebdesign.com\/wp-content\/uploads\/2025\/06\/icons8-increase-100.png\" width=\"100\" height=\"100\" sizes=\"(max-width: 100px) 100vw, 100px\" class=\"et-waypoint et_pb_animation_top et_pb_animation_top_tablet et_pb_animation_top_phone wp-image-22989441\" \/><\/span><\/div><div class=\"et_pb_blurb_container\"><h3 class=\"et_pb_module_header\">Paso 2 \u2014 Sistema de Redacci\u00f3n con IA Personalizado\n<\/h3><div class=\"et_pb_blurb_description\"><p data-start=\"1891\" data-end=\"2027\">Ajustamos prompts, estructura y herramientas para producir contenido de alto volumen y calidad.<\/p>\n<\/div><\/div><\/div><\/div>\n\n<div class=\"et_pb_blurb_5 et_pb_blurb et_pb_bg_layout_light et_pb_blurb_position_left et_animated et_pb_module et_flex_module preset--module--divi-blurb--r5087l27hm\"><div class=\"et_pb_blurb_content et_flex_module\"><div class=\"et_pb_main_blurb_image\"><span class=\"et_pb_image_wrap et_pb_only_image_mode_wrap\"><img loading=\"lazy\" decoding=\"async\" src=\"https:\/\/unowebdesign.com\/wp-content\/uploads\/2025\/06\/icons8-increase-100.png\" width=\"100\" height=\"100\" sizes=\"(max-width: 100px) 100vw, 100px\" class=\"et-waypoint et_pb_animation_top et_pb_animation_top_tablet et_pb_animation_top_phone wp-image-22989441\" \/><\/span><\/div><div class=\"et_pb_blurb_container\"><h3 class=\"et_pb_module_header\">Paso 3 \u2014 Revisi\u00f3n y Optimizaci\u00f3n Humana<\/h3><div class=\"et_pb_blurb_description\"><p data-start=\"2029\" data-end=\"2189\">Cada pieza es revisada y mejorada por redactores reales \u2014 tu contenido nunca suena rob\u00f3tico ni gen\u00e9rico.<\/p>\n<\/div><\/div><\/div><\/div>\n\n<div class=\"et_pb_blurb_6 et_pb_blurb et_pb_bg_layout_light et_pb_blurb_position_left et_animated et_pb_module et_flex_module preset--module--divi-blurb--r5087l27hm\"><div class=\"et_pb_blurb_content et_flex_module\"><div class=\"et_pb_main_blurb_image\"><span class=\"et_pb_image_wrap et_pb_only_image_mode_wrap\"><img loading=\"lazy\" decoding=\"async\" src=\"https:\/\/unowebdesign.com\/wp-content\/uploads\/2025\/06\/icons8-increase-100.png\" width=\"100\" height=\"100\" sizes=\"(max-width: 100px) 100vw, 100px\" class=\"et-waypoint et_pb_animation_top et_pb_animation_top_tablet et_pb_animation_top_phone wp-image-22989441\" \/><\/span><\/div><div class=\"et_pb_blurb_container\"><h3 class=\"et_pb_module_header\">Paso 4 \u2014 SEO e Integraci\u00f3n de CTA<\/h3><div class=\"et_pb_blurb_description\"><p data-start=\"2191\" data-end=\"2308\">Optimizamos seg\u00fan la intenci\u00f3n de b\u00fasqueda e incorporamos llamadas a la acci\u00f3n que generan resultados.<\/p>\n<\/div><\/div><\/div><\/div>\n<\/div>\n<\/div>\n<\/div>\n\n<div class=\"et_pb_section_5 et_pb_section et_section_regular et_flex_section\">\n<div class=\"et_pb_row_7 et_pb_row et_flex_row glass-bg\">\n<div class=\"et_pb_column_11 et_pb_column et-last-child et_flex_column et_pb_css_mix_blend_mode_passthrough et_flex_column_24_24 et_flex_column_24_24_tablet et_flex_column_24_24_phone\">\n<div class=\"et_pb_heading_7 et_pb_heading et_pb_module et_flex_module preset--module--divi-heading--3an6n7247h\"><div class=\"et_pb_heading_container\"><h3 class=\"et_pb_module_header\">No solo escribas \u2014 conecta, persuade y convierte.<\/h3><\/div><\/div>\n\n<div class=\"et_pb_heading_8 et_pb_heading et_pb_module et_flex_module preset--module--divi-heading--default\"><div class=\"et_pb_heading_container\"><h4 class=\"et_pb_module_header\">Reserva tu consulta gratuita de 15 minutos y descubre todo lo que tu contenido puede lograr.<\/h4><\/div><\/div>\n\n<div class=\"et_pb_module et_pb_button_module_wrapper et_pb_button_1_wrapper preset--module--divi-button--82l3npo0hs_wrapper\"><a class=\"et_pb_button_1 et_pb_button et_pb_bg_layout_light et_pb_module et_flex_module preset--module--divi-button--82l3npo0hs\" href=\"#contact-section\">Habla con un experto<\/a><\/div>\n<\/div>\n<\/div>\n<\/div>","protected":false},"excerpt":{"rendered":"","protected":false},"author":1,"featured_media":0,"parent":22989999,"menu_order":0,"comment_status":"closed","ping_status":"closed","template":"","meta":{"_acf_changed":false,"footnotes":""},"folder":[31],"class_list":["post-22989995","page","type-page","status-publish","hentry"],"acf":[],"_links":{"self":[{"href":"https:\/\/unowebdesign.com\/es\/wp-json\/wp\/v2\/pages\/22989995","targetHints":{"allow":["GET"]}}],"collection":[{"href":"https:\/\/unowebdesign.com\/es\/wp-json\/wp\/v2\/pages"}],"about":[{"href":"https:\/\/unowebdesign.com\/es\/wp-json\/wp\/v2\/types\/page"}],"author":[{"embeddable":true,"href":"https:\/\/unowebdesign.com\/es\/wp-json\/wp\/v2\/users\/1"}],"replies":[{"embeddable":true,"href":"https:\/\/unowebdesign.com\/es\/wp-json\/wp\/v2\/comments?post=22989995"}],"version-history":[{"count":1,"href":"https:\/\/unowebdesign.com\/es\/wp-json\/wp\/v2\/pages\/22989995\/revisions"}],"predecessor-version":[{"id":22989996,"href":"https:\/\/unowebdesign.com\/es\/wp-json\/wp\/v2\/pages\/22989995\/revisions\/22989996"}],"up":[{"embeddable":true,"href":"https:\/\/unowebdesign.com\/es\/wp-json\/wp\/v2\/pages\/22989999"}],"wp:attachment":[{"href":"https:\/\/unowebdesign.com\/es\/wp-json\/wp\/v2\/media?parent=22989995"}],"wp:term":[{"taxonomy":"folder","embeddable":true,"href":"https:\/\/unowebdesign.com\/es\/wp-json\/wp\/v2\/folder?post=22989995"}],"curies":[{"name":"wp","href":"https:\/\/api.w.org\/{rel}","templated":true}]}}